{"id":10526,"date":"2024-01-22T07:37:02","date_gmt":"2024-01-22T07:37:02","guid":{"rendered":"https:\/\/www.fae.es\/politiques-dentreprise"},"modified":"2025-07-25T09:09:38","modified_gmt":"2025-07-25T09:09:38","slug":"politiques-dentreprise","status":"publish","type":"page","link":"https:\/\/www.fae.es\/fr\/politiques-dentreprise","title":{"rendered":"Politiques d&rsquo;entreprise"},"content":{"rendered":"\t\t<div data-elementor-type=\"wp-page\" data-elementor-id=\"10526\" class=\"elementor elementor-10526 elementor-9114\" data-elementor-post-type=\"page\">\n\t\t\t\t\t\t<section class=\"elementor-section elementor-top-section elementor-element elementor-element-03742f6 elementor-section-boxed elementor-section-height-default elementor-section-height-default\" data-id=\"03742f6\" data-element_type=\"section\" data-e-type=\"section\">\n\t\t\t\t\t\t<div class=\"elementor-container elementor-column-gap-default\">\n\t\t\t\t\t<div class=\"elementor-column elementor-col-100 elementor-top-column elementor-element elementor-element-53d04ed\" data-id=\"53d04ed\" data-element_type=\"column\" data-e-type=\"column\">\n\t\t\t<div class=\"elementor-widget-wrap elementor-element-populated\">\n\t\t\t\t\t\t<div class=\"elementor-element elementor-element-4fd6da3 elementor-widget elementor-widget-heading\" data-id=\"4fd6da3\" data-element_type=\"widget\" data-e-type=\"widget\" data-widget_type=\"heading.default\">\n\t\t\t\t<div class=\"elementor-widget-container\">\n\t\t\t\t\t<h2 class=\"elementor-heading-title elementor-size-default\">Politiques d&rsquo;entreprise<\/h2>\t\t\t\t<\/div>\n\t\t\t\t<\/div>\n\t\t\t\t<div class=\"elementor-element elementor-element-67e256f elementor-widget elementor-widget-text-editor\" data-id=\"67e256f\" data-element_type=\"widget\" data-e-type=\"widget\" data-widget_type=\"text-editor.default\">\n\t\t\t\t<div class=\"elementor-widget-container\">\n\t\t\t\t\t\t\t\t\t<h6>Chez <strong>FAE<\/strong>, nous nous engageons \u00e0 faire preuve de transparence, d&rsquo;\u00e9thique et de conformit\u00e9 aux normes les plus strictes dans tous les aspects de nos op\u00e9rations. Nos politiques internes constituent l&rsquo;ensemble des lignes directrices et principes qui guident nos actions quotidiennes et refl\u00e8tent notre engagement envers l&rsquo;int\u00e9grit\u00e9, la responsabilit\u00e9 et l&rsquo;excellence commerciale. <\/h6><h6>Ces politiques sont plus que de simples r\u00e8gles ; elles expriment notre identit\u00e9 et notre engagement envers la qualit\u00e9. Vous trouverez ci-dessous des liens directs vers chacune de nos politiques internes, o\u00f9 vous pourrez explorer en d\u00e9tail notre philosophie et notre approche dans chaque domaine. <\/h6>\t\t\t\t\t\t\t\t<\/div>\n\t\t\t\t<\/div>\n\t\t\t\t\t<\/div>\n\t\t<\/div>\n\t\t\t\t\t<\/div>\n\t\t<\/section>\n\t\t\t\t<section class=\"elementor-section elementor-top-section elementor-element elementor-element-fa818b4 elementor-section-boxed elementor-section-height-default elementor-section-height-default\" data-id=\"fa818b4\" data-element_type=\"section\" data-e-type=\"section\">\n\t\t\t\t\t\t<div class=\"elementor-container elementor-column-gap-default\">\n\t\t\t\t\t<div class=\"elementor-column elementor-col-50 elementor-top-column elementor-element elementor-element-96f65f1\" data-id=\"96f65f1\" data-element_type=\"column\" data-e-type=\"column\">\n\t\t\t<div class=\"elementor-widget-wrap elementor-element-populated\">\n\t\t\t\t\t\t<div class=\"elementor-element elementor-element-0d472db elementor-widget elementor-widget-heading\" data-id=\"0d472db\" data-element_type=\"widget\" data-e-type=\"widget\" data-widget_type=\"heading.default\">\n\t\t\t\t<div class=\"elementor-widget-container\">\n\t\t\t\t\t<h3 class=\"elementor-heading-title elementor-size-default\">Code d'\u00e9thique<\/h3>\t\t\t\t<\/div>\n\t\t\t\t<\/div>\n\t\t\t\t<div class=\"elementor-element elementor-element-f58781f elementor-widget elementor-widget-text-editor\" data-id=\"f58781f\" data-element_type=\"widget\" data-e-type=\"widget\" data-widget_type=\"text-editor.default\">\n\t\t\t\t<div class=\"elementor-widget-container\">\n\t\t\t\t\t\t\t\t\t<p>L&rsquo;\u00e9thique des affaires est le fondement de notre culture. Notre Code d&rsquo;\u00e9thique \u00e9tablit les valeurs fondamentales qui guident nos interactions internes et externes, favorisant des relations commerciales justes, respectueuses et \u00e9thiques. <\/p>\t\t\t\t\t\t\t\t<\/div>\n\t\t\t\t<\/div>\n\t\t\t\t<div class=\"elementor-element elementor-element-b88e326 elementor-align-center elementor-widget elementor-widget-button\" data-id=\"b88e326\" data-element_type=\"widget\" data-e-type=\"widget\" data-widget_type=\"button.default\">\n\t\t\t\t<div class=\"elementor-widget-container\">\n\t\t\t\t\t\t\t\t\t<div class=\"elementor-button-wrapper\">\n\t\t\t\t\t<a class=\"elementor-button elementor-button-link elementor-size-sm\" href=\"https:\/\/www.fae.es\/codigo-etico\" target=\"_blank\">\n\t\t\t\t\t\t<span class=\"elementor-button-content-wrapper\">\n\t\t\t\t\t\t\t\t\t<span class=\"elementor-button-text\">+info<\/span>\n\t\t\t\t\t<\/span>\n\t\t\t\t\t<\/a>\n\t\t\t\t<\/div>\n\t\t\t\t\t\t\t\t<\/div>\n\t\t\t\t<\/div>\n\t\t\t\t\t<\/div>\n\t\t<\/div>\n\t\t\t\t<div class=\"elementor-column elementor-col-50 elementor-top-column elementor-element elementor-element-42e0dab\" data-id=\"42e0dab\" data-element_type=\"column\" data-e-type=\"column\">\n\t\t\t<div class=\"elementor-widget-wrap elementor-element-populated\">\n\t\t\t\t\t\t<div class=\"elementor-element elementor-element-0416b1a elementor-widget elementor-widget-heading\" data-id=\"0416b1a\" data-element_type=\"widget\" data-e-type=\"widget\" data-widget_type=\"heading.default\">\n\t\t\t\t<div class=\"elementor-widget-container\">\n\t\t\t\t\t<h3 class=\"elementor-heading-title elementor-size-default\">Syst\u00e8me d'information<\/h3>\t\t\t\t<\/div>\n\t\t\t\t<\/div>\n\t\t\t\t<div class=\"elementor-element elementor-element-2b254d8 elementor-widget elementor-widget-text-editor\" data-id=\"2b254d8\" data-element_type=\"widget\" data-e-type=\"widget\" data-widget_type=\"text-editor.default\">\n\t\t\t\t<div class=\"elementor-widget-container\">\n\t\t\t\t\t\t\t\t\t<p>Nous reconnaissons l&rsquo;importance de prot\u00e9ger les informations, tant les n\u00f4tres que celles de nos clients. Nos politiques de s\u00e9curit\u00e9 de l&rsquo;information garantissent la confidentialit\u00e9, l&rsquo;int\u00e9grit\u00e9 et la disponibilit\u00e9 des donn\u00e9es, garantissant ainsi un environnement num\u00e9rique s\u00e9curis\u00e9 et fiable. <\/p>\t\t\t\t\t\t\t\t<\/div>\n\t\t\t\t<\/div>\n\t\t\t\t<div class=\"elementor-element elementor-element-16e3146 elementor-align-center elementor-widget elementor-widget-button\" data-id=\"16e3146\" data-element_type=\"widget\" data-e-type=\"widget\" data-widget_type=\"button.default\">\n\t\t\t\t<div class=\"elementor-widget-container\">\n\t\t\t\t\t\t\t\t\t<div class=\"elementor-button-wrapper\">\n\t\t\t\t\t<a class=\"elementor-button elementor-button-link elementor-size-sm\" href=\"https:\/\/www.fae.es\/sistema-interno-de-informacion\" target=\"_blank\">\n\t\t\t\t\t\t<span class=\"elementor-button-content-wrapper\">\n\t\t\t\t\t\t\t\t\t<span class=\"elementor-button-text\">+info<\/span>\n\t\t\t\t\t<\/span>\n\t\t\t\t\t<\/a>\n\t\t\t\t<\/div>\n\t\t\t\t\t\t\t\t<\/div>\n\t\t\t\t<\/div>\n\t\t\t\t\t<\/div>\n\t\t<\/div>\n\t\t\t\t\t<\/div>\n\t\t<\/section>\n\t\t\t\t<section class=\"elementor-section elementor-top-section elementor-element elementor-element-d721495 elementor-section-boxed elementor-section-height-default elementor-section-height-default\" data-id=\"d721495\" data-element_type=\"section\" data-e-type=\"section\">\n\t\t\t\t\t\t<div class=\"elementor-container elementor-column-gap-default\">\n\t\t\t\t\t<div class=\"elementor-column elementor-col-50 elementor-top-column elementor-element elementor-element-9048afa\" data-id=\"9048afa\" data-element_type=\"column\" data-e-type=\"column\">\n\t\t\t<div class=\"elementor-widget-wrap elementor-element-populated\">\n\t\t\t\t\t\t<div class=\"elementor-element elementor-element-49a8e8b elementor-widget elementor-widget-heading\" data-id=\"49a8e8b\" data-element_type=\"widget\" data-e-type=\"widget\" data-widget_type=\"heading.default\">\n\t\t\t\t<div class=\"elementor-widget-container\">\n\t\t\t\t\t<h3 class=\"elementor-heading-title elementor-size-default\">Politique anti-corruption<\/h3>\t\t\t\t<\/div>\n\t\t\t\t<\/div>\n\t\t\t\t<div class=\"elementor-element elementor-element-bd2d24c elementor-widget elementor-widget-text-editor\" data-id=\"bd2d24c\" data-element_type=\"widget\" data-e-type=\"widget\" data-widget_type=\"text-editor.default\">\n\t\t\t\t<div class=\"elementor-widget-container\">\n\t\t\t\t\t\t\t\t\t<p>Cette politique vise \u00e0 r\u00e9affirmer l&rsquo;engagement de <strong>FAE<\/strong> \u00e0 respecter les normes \u00e9thiques dans la s\u00e9lection, la livraison et la r\u00e9ception de cadeaux et d&rsquo;hospitalit\u00e9s d&rsquo;entreprise dans le cadre l\u00e9gal. <\/p>\t\t\t\t\t\t\t\t<\/div>\n\t\t\t\t<\/div>\n\t\t\t\t<div class=\"elementor-element elementor-element-a64b33c elementor-align-center elementor-widget elementor-widget-button\" data-id=\"a64b33c\" data-element_type=\"widget\" data-e-type=\"widget\" data-widget_type=\"button.default\">\n\t\t\t\t<div class=\"elementor-widget-container\">\n\t\t\t\t\t\t\t\t\t<div class=\"elementor-button-wrapper\">\n\t\t\t\t\t<a class=\"elementor-button elementor-button-link elementor-size-sm\" href=\"https:\/\/www.fae.es\/politica-anticorrupcion\" target=\"_blank\">\n\t\t\t\t\t\t<span class=\"elementor-button-content-wrapper\">\n\t\t\t\t\t\t\t\t\t<span class=\"elementor-button-text\">+info<\/span>\n\t\t\t\t\t<\/span>\n\t\t\t\t\t<\/a>\n\t\t\t\t<\/div>\n\t\t\t\t\t\t\t\t<\/div>\n\t\t\t\t<\/div>\n\t\t\t\t\t<\/div>\n\t\t<\/div>\n\t\t\t\t<div class=\"elementor-column elementor-col-50 elementor-top-column elementor-element elementor-element-ef197ac\" data-id=\"ef197ac\" data-element_type=\"column\" data-e-type=\"column\">\n\t\t\t<div class=\"elementor-widget-wrap elementor-element-populated\">\n\t\t\t\t\t\t<div class=\"elementor-element elementor-element-73027d5 elementor-widget elementor-widget-heading\" data-id=\"73027d5\" data-element_type=\"widget\" data-e-type=\"widget\" data-widget_type=\"heading.default\">\n\t\t\t\t<div class=\"elementor-widget-container\">\n\t\t\t\t\t<h3 class=\"elementor-heading-title elementor-size-default\">Politique de conformit\u00e9<\/h3>\t\t\t\t<\/div>\n\t\t\t\t<\/div>\n\t\t\t\t<div class=\"elementor-element elementor-element-753d15d elementor-widget elementor-widget-text-editor\" data-id=\"753d15d\" data-element_type=\"widget\" data-e-type=\"widget\" data-widget_type=\"text-editor.default\">\n\t\t\t\t<div class=\"elementor-widget-container\">\n\t\t\t\t\t\t\t\t\t<p>Notre engagement en mati\u00e8re de conformit\u00e9 r\u00e9glementaire est absolu. Nous veillons \u00e0 ce que nos op\u00e9rations respectent rigoureusement toutes les lois et r\u00e9glementations en vigueur, favorisant ainsi une culture organisationnelle fond\u00e9e sur la l\u00e9galit\u00e9 et la responsabilit\u00e9. <\/p>\t\t\t\t\t\t\t\t<\/div>\n\t\t\t\t<\/div>\n\t\t\t\t<div class=\"elementor-element elementor-element-71f120e elementor-align-center elementor-widget elementor-widget-button\" data-id=\"71f120e\" data-element_type=\"widget\" data-e-type=\"widget\" data-widget_type=\"button.default\">\n\t\t\t\t<div class=\"elementor-widget-container\">\n\t\t\t\t\t\t\t\t\t<div class=\"elementor-button-wrapper\">\n\t\t\t\t\t<a class=\"elementor-button elementor-button-link elementor-size-sm\" href=\"https:\/\/www.fae.es\/politica-compliance\" target=\"_blank\">\n\t\t\t\t\t\t<span class=\"elementor-button-content-wrapper\">\n\t\t\t\t\t\t\t\t\t<span class=\"elementor-button-text\">+info<\/span>\n\t\t\t\t\t<\/span>\n\t\t\t\t\t<\/a>\n\t\t\t\t<\/div>\n\t\t\t\t\t\t\t\t<\/div>\n\t\t\t\t<\/div>\n\t\t\t\t\t<\/div>\n\t\t<\/div>\n\t\t\t\t\t<\/div>\n\t\t<\/section>\n\t\t\t\t<section class=\"elementor-section elementor-top-section elementor-element elementor-element-29bc6eb elementor-section-boxed elementor-section-height-default elementor-section-height-default\" data-id=\"29bc6eb\" data-element_type=\"section\" data-e-type=\"section\">\n\t\t\t\t\t\t<div class=\"elementor-container elementor-column-gap-default\">\n\t\t\t\t\t<div class=\"elementor-column elementor-col-50 elementor-top-column elementor-element elementor-element-5ce5f5b\" data-id=\"5ce5f5b\" data-element_type=\"column\" data-e-type=\"column\">\n\t\t\t<div class=\"elementor-widget-wrap elementor-element-populated\">\n\t\t\t\t\t\t<div class=\"elementor-element elementor-element-f7378b0 elementor-widget elementor-widget-heading\" data-id=\"f7378b0\" data-element_type=\"widget\" data-e-type=\"widget\" data-widget_type=\"heading.default\">\n\t\t\t\t<div class=\"elementor-widget-container\">\n\t\t\t\t\t<h3 class=\"elementor-heading-title elementor-size-default\">Politique Qualit\u00e9 et Environnement<\/h3>\t\t\t\t<\/div>\n\t\t\t\t<\/div>\n\t\t\t\t<div class=\"elementor-element elementor-element-9f34aa6 elementor-widget elementor-widget-text-editor\" data-id=\"9f34aa6\" data-element_type=\"widget\" data-e-type=\"widget\" data-widget_type=\"text-editor.default\">\n\t\t\t\t<div class=\"elementor-widget-container\">\n\t\t\t\t\t\t\t\t\t<p>Le Groupe s&rsquo;engage \u00e0 respecter les Exigences Clients, les Exigences L\u00e9gales, R\u00e9glementaires et autres Exigences en vigueur en mati\u00e8re de Qualit\u00e9 et d&rsquo;Environnement.<\/p>\t\t\t\t\t\t\t\t<\/div>\n\t\t\t\t<\/div>\n\t\t\t\t<div class=\"elementor-element elementor-element-dcee796 elementor-align-center elementor-widget elementor-widget-button\" data-id=\"dcee796\" data-element_type=\"widget\" data-e-type=\"widget\" data-widget_type=\"button.default\">\n\t\t\t\t<div class=\"elementor-widget-container\">\n\t\t\t\t\t\t\t\t\t<div class=\"elementor-button-wrapper\">\n\t\t\t\t\t<a class=\"elementor-button elementor-button-link elementor-size-sm\" href=\"https:\/\/www.fae.es\/politica-de-calidad-y-medio-ambiente\" target=\"_blank\">\n\t\t\t\t\t\t<span class=\"elementor-button-content-wrapper\">\n\t\t\t\t\t\t\t\t\t<span class=\"elementor-button-text\">+info<\/span>\n\t\t\t\t\t<\/span>\n\t\t\t\t\t<\/a>\n\t\t\t\t<\/div>\n\t\t\t\t\t\t\t\t<\/div>\n\t\t\t\t<\/div>\n\t\t\t\t\t<\/div>\n\t\t<\/div>\n\t\t\t\t<div class=\"elementor-column elementor-col-50 elementor-top-column elementor-element elementor-element-611be64\" data-id=\"611be64\" data-element_type=\"column\" data-e-type=\"column\">\n\t\t\t<div class=\"elementor-widget-wrap\">\n\t\t\t\t\t\t\t<\/div>\n\t\t<\/div>\n\t\t\t\t\t<\/div>\n\t\t<\/section>\n\t\t\t\t<section class=\"elementor-section elementor-top-section elementor-element elementor-element-db3af1e elementor-section-boxed elementor-section-height-default elementor-section-height-default\" data-id=\"db3af1e\" data-element_type=\"section\" data-e-type=\"section\">\n\t\t\t\t\t\t<div class=\"elementor-container elementor-column-gap-default\">\n\t\t\t\t\t<div class=\"elementor-column elementor-col-100 elementor-top-column elementor-element elementor-element-e8ac4ac\" data-id=\"e8ac4ac\" data-element_type=\"column\" data-e-type=\"column\">\n\t\t\t<div class=\"elementor-widget-wrap elementor-element-populated\">\n\t\t\t\t\t\t<div class=\"elementor-element elementor-element-06f727d elementor-widget elementor-widget-spacer\" data-id=\"06f727d\" data-element_type=\"widget\" data-e-type=\"widget\" data-widget_type=\"spacer.default\">\n\t\t\t\t<div class=\"elementor-widget-container\">\n\t\t\t\t\t\t\t<div class=\"elementor-spacer\">\n\t\t\t<div class=\"elementor-spacer-inner\"><\/div>\n\t\t<\/div>\n\t\t\t\t\t\t<\/div>\n\t\t\t\t<\/div>\n\t\t\t\t\t<\/div>\n\t\t<\/div>\n\t\t\t\t\t<\/div>\n\t\t<\/section>\n\t\t\t\t<\/div>\n\t\t","protected":false},"excerpt":{"rendered":"<p>Chez FAE, nous nous engageons \u00e0 faire preuve de transparence, d&rsquo;\u00e9thique et de conformit\u00e9 aux normes les plus strictes dans tous les aspects de nos op\u00e9rations. Nos politiques internes constituent l&rsquo;ensemble des lignes directrices et principes qui guident nos actions quotidiennes et refl\u00e8tent notre engagement envers l&rsquo;int\u00e9grit\u00e9, la responsabilit\u00e9 et l&rsquo;excellence commerciale. Ces politiques sont &#8230; <a title=\"Politiques d&rsquo;entreprise\" class=\"read-more\" href=\"https:\/\/www.fae.es\/fr\/politiques-dentreprise\" aria-label=\"En savoir plus sur Politiques d&rsquo;entreprise\">Lire la suite<\/a><\/p>\n","protected":false},"author":2,"featured_media":0,"parent":0,"menu_order":0,"comment_status":"closed","ping_status":"closed","template":"","meta":{"footnotes":""},"class_list":["post-10526","page","type-page","status-publish"],"yoast_head":"<!-- This site is optimized with the Yoast SEO plugin v27.2 - https:\/\/yoast.com\/product\/yoast-seo-wordpress\/ -->\n<title>Politiques d&#039;entreprise - FAE<\/title>\n<meta name=\"robots\" content=\"index, follow, max-snippet:-1, max-image-preview:large, max-video-preview:-1\" \/>\n<link rel=\"canonical\" href=\"https:\/\/www.fae.es\/fr\/politiques-dentreprise\" \/>\n<meta property=\"og:locale\" content=\"fr_FR\" \/>\n<meta property=\"og:type\" content=\"article\" \/>\n<meta property=\"og:title\" content=\"Politiques d&#039;entreprise - FAE\" \/>\n<meta property=\"og:description\" content=\"Chez FAE, nous nous engageons \u00e0 faire preuve de transparence, d&rsquo;\u00e9thique et de conformit\u00e9 aux normes les plus strictes dans tous les aspects de nos op\u00e9rations. Nos politiques internes constituent l&rsquo;ensemble des lignes directrices et principes qui guident nos actions quotidiennes et refl\u00e8tent notre engagement envers l&rsquo;int\u00e9grit\u00e9, la responsabilit\u00e9 et l&rsquo;excellence commerciale. Ces politiques sont ... Lire la suite\" \/>\n<meta property=\"og:url\" content=\"https:\/\/www.fae.es\/fr\/politiques-dentreprise\" \/>\n<meta property=\"og:site_name\" content=\"FAE\" \/>\n<meta property=\"article:modified_time\" content=\"2025-07-25T09:09:38+00:00\" \/>\n<meta name=\"twitter:card\" content=\"summary_large_image\" \/>\n<meta name=\"twitter:label1\" content=\"Dur\u00e9e de lecture estim\u00e9e\" \/>\n\t<meta name=\"twitter:data1\" content=\"1 minute\" \/>\n<script type=\"application\/ld+json\" class=\"yoast-schema-graph\">{\"@context\":\"https:\/\/schema.org\",\"@graph\":[{\"@type\":\"WebPage\",\"@id\":\"https:\/\/www.fae.es\/fr\/politiques-dentreprise\",\"url\":\"https:\/\/www.fae.es\/fr\/politiques-dentreprise\",\"name\":\"Politiques d'entreprise - FAE\",\"isPartOf\":{\"@id\":\"https:\/\/www.fae.es\/#website\"},\"datePublished\":\"2024-01-22T07:37:02+00:00\",\"dateModified\":\"2025-07-25T09:09:38+00:00\",\"breadcrumb\":{\"@id\":\"https:\/\/www.fae.es\/fr\/politiques-dentreprise#breadcrumb\"},\"inLanguage\":\"fr-FR\",\"potentialAction\":[{\"@type\":\"ReadAction\",\"target\":[\"https:\/\/www.fae.es\/fr\/politiques-dentreprise\"]}]},{\"@type\":\"BreadcrumbList\",\"@id\":\"https:\/\/www.fae.es\/fr\/politiques-dentreprise#breadcrumb\",\"itemListElement\":[{\"@type\":\"ListItem\",\"position\":1,\"name\":\"Portada\",\"item\":\"https:\/\/www.fae.es\/fr\/home\"},{\"@type\":\"ListItem\",\"position\":2,\"name\":\"Politiques d&rsquo;entreprise\"}]},{\"@type\":\"WebSite\",\"@id\":\"https:\/\/www.fae.es\/#website\",\"url\":\"https:\/\/www.fae.es\/\",\"name\":\"FAE\",\"description\":\"Creamos soluciones electr\u00f3nicas de sens\u00f3rica a medida\",\"publisher\":{\"@id\":\"https:\/\/www.fae.es\/#organization\"},\"potentialAction\":[{\"@type\":\"SearchAction\",\"target\":{\"@type\":\"EntryPoint\",\"urlTemplate\":\"https:\/\/www.fae.es\/?s={search_term_string}\"},\"query-input\":{\"@type\":\"PropertyValueSpecification\",\"valueRequired\":true,\"valueName\":\"search_term_string\"}}],\"inLanguage\":\"fr-FR\"},{\"@type\":\"Organization\",\"@id\":\"https:\/\/www.fae.es\/#organization\",\"name\":\"FAE\",\"url\":\"https:\/\/www.fae.es\/\",\"logo\":{\"@type\":\"ImageObject\",\"inLanguage\":\"fr-FR\",\"@id\":\"https:\/\/www.fae.es\/#\/schema\/logo\/image\/\",\"url\":\"https:\/\/www.fae.es\/wp-content\/uploads\/2022\/02\/logo_fae.svg\",\"contentUrl\":\"https:\/\/www.fae.es\/wp-content\/uploads\/2022\/02\/logo_fae.svg\",\"width\":159,\"height\":89,\"caption\":\"FAE\"},\"image\":{\"@id\":\"https:\/\/www.fae.es\/#\/schema\/logo\/image\/\"}}]}<\/script>\n<!-- \/ Yoast SEO plugin. -->","yoast_head_json":{"title":"Politiques d'entreprise - FAE","robots":{"index":"index","follow":"follow","max-snippet":"max-snippet:-1","max-image-preview":"max-image-preview:large","max-video-preview":"max-video-preview:-1"},"canonical":"https:\/\/www.fae.es\/fr\/politiques-dentreprise","og_locale":"fr_FR","og_type":"article","og_title":"Politiques d'entreprise - FAE","og_description":"Chez FAE, nous nous engageons \u00e0 faire preuve de transparence, d&rsquo;\u00e9thique et de conformit\u00e9 aux normes les plus strictes dans tous les aspects de nos op\u00e9rations. Nos politiques internes constituent l&rsquo;ensemble des lignes directrices et principes qui guident nos actions quotidiennes et refl\u00e8tent notre engagement envers l&rsquo;int\u00e9grit\u00e9, la responsabilit\u00e9 et l&rsquo;excellence commerciale. Ces politiques sont ... Lire la suite","og_url":"https:\/\/www.fae.es\/fr\/politiques-dentreprise","og_site_name":"FAE","article_modified_time":"2025-07-25T09:09:38+00:00","twitter_card":"summary_large_image","twitter_misc":{"Dur\u00e9e de lecture estim\u00e9e":"1 minute"},"schema":{"@context":"https:\/\/schema.org","@graph":[{"@type":"WebPage","@id":"https:\/\/www.fae.es\/fr\/politiques-dentreprise","url":"https:\/\/www.fae.es\/fr\/politiques-dentreprise","name":"Politiques d'entreprise - FAE","isPartOf":{"@id":"https:\/\/www.fae.es\/#website"},"datePublished":"2024-01-22T07:37:02+00:00","dateModified":"2025-07-25T09:09:38+00:00","breadcrumb":{"@id":"https:\/\/www.fae.es\/fr\/politiques-dentreprise#breadcrumb"},"inLanguage":"fr-FR","potentialAction":[{"@type":"ReadAction","target":["https:\/\/www.fae.es\/fr\/politiques-dentreprise"]}]},{"@type":"BreadcrumbList","@id":"https:\/\/www.fae.es\/fr\/politiques-dentreprise#breadcrumb","itemListElement":[{"@type":"ListItem","position":1,"name":"Portada","item":"https:\/\/www.fae.es\/fr\/home"},{"@type":"ListItem","position":2,"name":"Politiques d&rsquo;entreprise"}]},{"@type":"WebSite","@id":"https:\/\/www.fae.es\/#website","url":"https:\/\/www.fae.es\/","name":"FAE","description":"Creamos soluciones electr\u00f3nicas de sens\u00f3rica a medida","publisher":{"@id":"https:\/\/www.fae.es\/#organization"},"potentialAction":[{"@type":"SearchAction","target":{"@type":"EntryPoint","urlTemplate":"https:\/\/www.fae.es\/?s={search_term_string}"},"query-input":{"@type":"PropertyValueSpecification","valueRequired":true,"valueName":"search_term_string"}}],"inLanguage":"fr-FR"},{"@type":"Organization","@id":"https:\/\/www.fae.es\/#organization","name":"FAE","url":"https:\/\/www.fae.es\/","logo":{"@type":"ImageObject","inLanguage":"fr-FR","@id":"https:\/\/www.fae.es\/#\/schema\/logo\/image\/","url":"https:\/\/www.fae.es\/wp-content\/uploads\/2022\/02\/logo_fae.svg","contentUrl":"https:\/\/www.fae.es\/wp-content\/uploads\/2022\/02\/logo_fae.svg","width":159,"height":89,"caption":"FAE"},"image":{"@id":"https:\/\/www.fae.es\/#\/schema\/logo\/image\/"}}]}},"_links":{"self":[{"href":"https:\/\/www.fae.es\/fr\/wp-json\/wp\/v2\/pages\/10526","targetHints":{"allow":["GET"]}}],"collection":[{"href":"https:\/\/www.fae.es\/fr\/wp-json\/wp\/v2\/pages"}],"about":[{"href":"https:\/\/www.fae.es\/fr\/wp-json\/wp\/v2\/types\/page"}],"author":[{"embeddable":true,"href":"https:\/\/www.fae.es\/fr\/wp-json\/wp\/v2\/users\/2"}],"replies":[{"embeddable":true,"href":"https:\/\/www.fae.es\/fr\/wp-json\/wp\/v2\/comments?post=10526"}],"version-history":[{"count":1,"href":"https:\/\/www.fae.es\/fr\/wp-json\/wp\/v2\/pages\/10526\/revisions"}],"predecessor-version":[{"id":10527,"href":"https:\/\/www.fae.es\/fr\/wp-json\/wp\/v2\/pages\/10526\/revisions\/10527"}],"wp:attachment":[{"href":"https:\/\/www.fae.es\/fr\/wp-json\/wp\/v2\/media?parent=10526"}],"curies":[{"name":"wp","href":"https:\/\/api.w.org\/{rel}","templated":true}]}}