{"id":3951,"date":"2022-07-21T06:46:52","date_gmt":"2022-07-21T06:46:52","guid":{"rendered":"https:\/\/www.fae.es\/concurrence"},"modified":"2023-02-28T11:18:08","modified_gmt":"2023-02-28T11:18:08","slug":"concurrence","status":"publish","type":"page","link":"https:\/\/www.fae.es\/fr\/concurrence","title":{"rendered":"Concurrence"},"content":{"rendered":"\t\t<div data-elementor-type=\"wp-page\" data-elementor-id=\"3951\" class=\"elementor elementor-3951 elementor-2486\" data-elementor-post-type=\"page\">\n\t\t\t\t\t\t<section class=\"elementor-section elementor-top-section elementor-element elementor-element-53a6f50 elementor-section-stretched elementor-section-boxed elementor-section-height-default elementor-section-height-default\" data-id=\"53a6f50\" data-element_type=\"section\" data-e-type=\"section\" data-settings=\"{&quot;stretch_section&quot;:&quot;section-stretched&quot;,&quot;background_background&quot;:&quot;classic&quot;}\">\n\t\t\t\t\t\t<div class=\"elementor-container elementor-column-gap-default\">\n\t\t\t\t\t<div class=\"elementor-column elementor-col-33 elementor-top-column elementor-element elementor-element-ca54d2c\" data-id=\"ca54d2c\" data-element_type=\"column\" data-e-type=\"column\">\n\t\t\t<div class=\"elementor-widget-wrap\">\n\t\t\t\t\t\t\t<\/div>\n\t\t<\/div>\n\t\t\t\t<div class=\"elementor-column elementor-col-33 elementor-top-column elementor-element elementor-element-799bdfc\" data-id=\"799bdfc\" data-element_type=\"column\" data-e-type=\"column\">\n\t\t\t<div class=\"elementor-widget-wrap elementor-element-populated\">\n\t\t\t\t\t\t<div class=\"elementor-element elementor-element-63f2d5a elementor-widget elementor-widget-spacer\" data-id=\"63f2d5a\" data-element_type=\"widget\" data-e-type=\"widget\" data-widget_type=\"spacer.default\">\n\t\t\t\t<div class=\"elementor-widget-container\">\n\t\t\t\t\t\t\t<div class=\"elementor-spacer\">\n\t\t\t<div class=\"elementor-spacer-inner\"><\/div>\n\t\t<\/div>\n\t\t\t\t\t\t<\/div>\n\t\t\t\t<\/div>\n\t\t\t\t<div class=\"elementor-element elementor-element-b1813b5 elementor-widget elementor-widget-heading\" data-id=\"b1813b5\" data-element_type=\"widget\" data-e-type=\"widget\" data-widget_type=\"heading.default\">\n\t\t\t\t<div class=\"elementor-widget-container\">\n\t\t\t\t\t<h1 class=\"elementor-heading-title elementor-size-default\"><strong>la comp\u00e9tition est<\/strong> le meilleur test pour nos composants<\/h1>\t\t\t\t<\/div>\n\t\t\t\t<\/div>\n\t\t\t\t<div class=\"elementor-element elementor-element-7079a54 elementor-widget elementor-widget-spacer\" data-id=\"7079a54\" data-element_type=\"widget\" data-e-type=\"widget\" data-widget_type=\"spacer.default\">\n\t\t\t\t<div class=\"elementor-widget-container\">\n\t\t\t\t\t\t\t<div class=\"elementor-spacer\">\n\t\t\t<div class=\"elementor-spacer-inner\"><\/div>\n\t\t<\/div>\n\t\t\t\t\t\t<\/div>\n\t\t\t\t<\/div>\n\t\t\t\t\t<\/div>\n\t\t<\/div>\n\t\t\t\t<div class=\"elementor-column elementor-col-33 elementor-top-column elementor-element elementor-element-c643680\" data-id=\"c643680\" data-element_type=\"column\" data-e-type=\"column\">\n\t\t\t<div class=\"elementor-widget-wrap\">\n\t\t\t\t\t\t\t<\/div>\n\t\t<\/div>\n\t\t\t\t\t<\/div>\n\t\t<\/section>\n\t\t\t\t<section class=\"elementor-section elementor-top-section elementor-element elementor-element-e850e49 elementor-section-boxed elementor-section-height-default elementor-section-height-default\" data-id=\"e850e49\" data-element_type=\"section\" data-e-type=\"section\">\n\t\t\t\t\t\t<div class=\"elementor-container elementor-column-gap-default\">\n\t\t\t\t\t<div class=\"elementor-column elementor-col-33 elementor-top-column elementor-element elementor-element-da26445\" data-id=\"da26445\" data-element_type=\"column\" data-e-type=\"column\">\n\t\t\t<div class=\"elementor-widget-wrap elementor-element-populated\">\n\t\t\t\t\t\t<div class=\"elementor-element elementor-element-174c9f2 elementor-widget elementor-widget-image\" data-id=\"174c9f2\" data-element_type=\"widget\" data-e-type=\"widget\" data-widget_type=\"image.default\">\n\t\t\t\t<div class=\"elementor-widget-container\">\n\t\t\t\t\t\t\t\t\t\t\t\t\t\t\t<img fetchpriority=\"high\" decoding=\"async\" width=\"394\" height=\"174\" src=\"https:\/\/www.fae.es\/wp-content\/uploads\/2022\/07\/FAE_web_competicion_logo_01.png\" class=\"attachment-large size-large wp-image-3672\" alt=\"\" srcset=\"https:\/\/www.fae.es\/wp-content\/uploads\/2022\/07\/FAE_web_competicion_logo_01.png 394w, https:\/\/www.fae.es\/wp-content\/uploads\/2022\/07\/FAE_web_competicion_logo_01-300x132.png 300w\" sizes=\"(max-width: 394px) 100vw, 394px\" \/>\t\t\t\t\t\t\t\t\t\t\t\t\t\t\t<\/div>\n\t\t\t\t<\/div>\n\t\t\t\t<div class=\"elementor-element elementor-element-b8101f3 elementor-widget elementor-widget-image\" data-id=\"b8101f3\" data-element_type=\"widget\" data-e-type=\"widget\" data-widget_type=\"image.default\">\n\t\t\t\t<div class=\"elementor-widget-container\">\n\t\t\t\t\t\t\t\t\t\t\t\t\t\t\t<img decoding=\"async\" width=\"1024\" height=\"1024\" src=\"https:\/\/www.fae.es\/wp-content\/uploads\/2023\/02\/foto_patrocini_TEAM77_2023_02.1-2-scaled-1-1024x1024.jpg\" class=\"attachment-large size-large wp-image-5382\" alt=\"\" srcset=\"https:\/\/www.fae.es\/wp-content\/uploads\/2023\/02\/foto_patrocini_TEAM77_2023_02.1-2-scaled-1-1024x1024.jpg 1024w, https:\/\/www.fae.es\/wp-content\/uploads\/2023\/02\/foto_patrocini_TEAM77_2023_02.1-2-scaled-1-300x300.jpg 300w, https:\/\/www.fae.es\/wp-content\/uploads\/2023\/02\/foto_patrocini_TEAM77_2023_02.1-2-scaled-1-150x150.jpg 150w, https:\/\/www.fae.es\/wp-content\/uploads\/2023\/02\/foto_patrocini_TEAM77_2023_02.1-2-scaled-1-768x768.jpg 768w, https:\/\/www.fae.es\/wp-content\/uploads\/2023\/02\/foto_patrocini_TEAM77_2023_02.1-2-scaled-1-1536x1536.jpg 1536w, https:\/\/www.fae.es\/wp-content\/uploads\/2023\/02\/foto_patrocini_TEAM77_2023_02.1-2-scaled-1-2048x2048.jpg 2048w\" sizes=\"(max-width: 1024px) 100vw, 1024px\" \/>\t\t\t\t\t\t\t\t\t\t\t\t\t\t\t<\/div>\n\t\t\t\t<\/div>\n\t\t\t\t\t<\/div>\n\t\t<\/div>\n\t\t\t\t<div class=\"elementor-column elementor-col-33 elementor-top-column elementor-element elementor-element-c3a3215\" data-id=\"c3a3215\" data-element_type=\"column\" data-e-type=\"column\">\n\t\t\t<div class=\"elementor-widget-wrap elementor-element-populated\">\n\t\t\t\t\t\t<div class=\"elementor-element elementor-element-3089ea7 elementor-widget elementor-widget-image\" data-id=\"3089ea7\" data-element_type=\"widget\" data-e-type=\"widget\" data-widget_type=\"image.default\">\n\t\t\t\t<div class=\"elementor-widget-container\">\n\t\t\t\t\t\t\t\t\t\t\t\t\t\t\t<img decoding=\"async\" width=\"394\" height=\"174\" src=\"https:\/\/www.fae.es\/wp-content\/uploads\/2022\/07\/FAE_web_competicion_logo_02.png\" class=\"attachment-large size-large wp-image-3674\" alt=\"\" srcset=\"https:\/\/www.fae.es\/wp-content\/uploads\/2022\/07\/FAE_web_competicion_logo_02.png 394w, https:\/\/www.fae.es\/wp-content\/uploads\/2022\/07\/FAE_web_competicion_logo_02-300x132.png 300w\" sizes=\"(max-width: 394px) 100vw, 394px\" \/>\t\t\t\t\t\t\t\t\t\t\t\t\t\t\t<\/div>\n\t\t\t\t<\/div>\n\t\t\t\t<div class=\"elementor-element elementor-element-ac18931 elementor-widget elementor-widget-image\" data-id=\"ac18931\" data-element_type=\"widget\" data-e-type=\"widget\" data-widget_type=\"image.default\">\n\t\t\t\t<div class=\"elementor-widget-container\">\n\t\t\t\t\t\t\t\t\t\t\t\t\t\t\t<img loading=\"lazy\" decoding=\"async\" width=\"1000\" height=\"1000\" src=\"https:\/\/www.fae.es\/wp-content\/uploads\/2022\/07\/FAE_web_competicion_02.jpg\" class=\"attachment-large size-large wp-image-3675\" alt=\"\" srcset=\"https:\/\/www.fae.es\/wp-content\/uploads\/2022\/07\/FAE_web_competicion_02.jpg 1000w, https:\/\/www.fae.es\/wp-content\/uploads\/2022\/07\/FAE_web_competicion_02-300x300.jpg 300w, https:\/\/www.fae.es\/wp-content\/uploads\/2022\/07\/FAE_web_competicion_02-150x150.jpg 150w, https:\/\/www.fae.es\/wp-content\/uploads\/2022\/07\/FAE_web_competicion_02-768x768.jpg 768w\" sizes=\"(max-width: 1000px) 100vw, 1000px\" \/>\t\t\t\t\t\t\t\t\t\t\t\t\t\t\t<\/div>\n\t\t\t\t<\/div>\n\t\t\t\t\t<\/div>\n\t\t<\/div>\n\t\t\t\t<div class=\"elementor-column elementor-col-33 elementor-top-column elementor-element elementor-element-a34a936\" data-id=\"a34a936\" data-element_type=\"column\" data-e-type=\"column\">\n\t\t\t<div class=\"elementor-widget-wrap elementor-element-populated\">\n\t\t\t\t\t\t<div class=\"elementor-element elementor-element-7088e71 elementor-widget elementor-widget-image\" data-id=\"7088e71\" data-element_type=\"widget\" data-e-type=\"widget\" data-widget_type=\"image.default\">\n\t\t\t\t<div class=\"elementor-widget-container\">\n\t\t\t\t\t\t\t\t\t\t\t\t\t\t\t<img loading=\"lazy\" decoding=\"async\" width=\"394\" height=\"174\" src=\"https:\/\/www.fae.es\/wp-content\/uploads\/2022\/07\/FAE_web_competicion_logo_03.png\" class=\"attachment-large size-large wp-image-3677\" alt=\"\" srcset=\"https:\/\/www.fae.es\/wp-content\/uploads\/2022\/07\/FAE_web_competicion_logo_03.png 394w, https:\/\/www.fae.es\/wp-content\/uploads\/2022\/07\/FAE_web_competicion_logo_03-300x132.png 300w\" sizes=\"(max-width: 394px) 100vw, 394px\" \/>\t\t\t\t\t\t\t\t\t\t\t\t\t\t\t<\/div>\n\t\t\t\t<\/div>\n\t\t\t\t<div class=\"elementor-element elementor-element-ed88aae elementor-widget elementor-widget-image\" data-id=\"ed88aae\" data-element_type=\"widget\" data-e-type=\"widget\" data-widget_type=\"image.default\">\n\t\t\t\t<div class=\"elementor-widget-container\">\n\t\t\t\t\t\t\t\t\t\t\t\t\t\t\t<img loading=\"lazy\" decoding=\"async\" width=\"1000\" height=\"1000\" src=\"https:\/\/www.fae.es\/wp-content\/uploads\/2022\/07\/FAE_web_competicion_03.jpg\" class=\"attachment-large size-large wp-image-3676\" alt=\"\" srcset=\"https:\/\/www.fae.es\/wp-content\/uploads\/2022\/07\/FAE_web_competicion_03.jpg 1000w, https:\/\/www.fae.es\/wp-content\/uploads\/2022\/07\/FAE_web_competicion_03-300x300.jpg 300w, https:\/\/www.fae.es\/wp-content\/uploads\/2022\/07\/FAE_web_competicion_03-150x150.jpg 150w, https:\/\/www.fae.es\/wp-content\/uploads\/2022\/07\/FAE_web_competicion_03-768x768.jpg 768w\" sizes=\"(max-width: 1000px) 100vw, 1000px\" \/>\t\t\t\t\t\t\t\t\t\t\t\t\t\t\t<\/div>\n\t\t\t\t<\/div>\n\t\t\t\t\t<\/div>\n\t\t<\/div>\n\t\t\t\t\t<\/div>\n\t\t<\/section>\n\t\t\t\t<section class=\"elementor-section elementor-top-section elementor-element elementor-element-9201642 elementor-section-boxed elementor-section-height-default elementor-section-height-default\" data-id=\"9201642\" data-element_type=\"section\" data-e-type=\"section\">\n\t\t\t\t\t\t<div class=\"elementor-container elementor-column-gap-default\">\n\t\t\t\t\t<div class=\"elementor-column elementor-col-33 elementor-top-column elementor-element elementor-element-28df53f\" data-id=\"28df53f\" data-element_type=\"column\" data-e-type=\"column\">\n\t\t\t<div class=\"elementor-widget-wrap elementor-element-populated\">\n\t\t\t\t\t\t<div class=\"elementor-element elementor-element-6dd7474 elementor-widget elementor-widget-text-editor\" data-id=\"6dd7474\" data-element_type=\"widget\" data-e-type=\"widget\" data-widget_type=\"text-editor.default\">\n\t\t\t\t<div class=\"elementor-widget-container\">\n\t\t\t\t\t\t\t\t\t<p><strong>FAE<\/strong> revient au Rallye Dakar pour la troisi\u00e8me ann\u00e9e et cette fois en tant que sponsor principal de l&rsquo;\u00e9quipe<\/p>\t\t\t\t\t\t\t\t<\/div>\n\t\t\t\t<\/div>\n\t\t\t\t<div class=\"elementor-element elementor-element-c2451df elementor-widget elementor-widget-heading\" data-id=\"c2451df\" data-element_type=\"widget\" data-e-type=\"widget\" data-widget_type=\"heading.default\">\n\t\t\t\t<div class=\"elementor-widget-container\">\n\t\t\t\t\t<h3 class=\"elementor-heading-title elementor-size-default\"><a href=\"https:\/\/team77.cat\/\">FAE-Pedreg\u00e0-Team77<\/a><\/h3>\t\t\t\t<\/div>\n\t\t\t\t<\/div>\n\t\t\t\t<div class=\"elementor-element elementor-element-1bb5dd4 elementor-widget elementor-widget-text-editor\" data-id=\"1bb5dd4\" data-element_type=\"widget\" data-e-type=\"widget\" data-widget_type=\"text-editor.default\">\n\t\t\t\t<div class=\"elementor-widget-container\">\n\t\t\t\t\t\t\t\t\t<p>En faisant \u00e0 nouveau confiance \u00e0 son pilote, Pep Mas, avec Anselm Moya et Diego Fern\u00e1ndez comme m\u00e9caniciens et une nouvelle Husqvarna 450 rallye, la comp\u00e9tition est assur\u00e9e.<\/p>\t\t\t\t\t\t\t\t<\/div>\n\t\t\t\t<\/div>\n\t\t\t\t\t<\/div>\n\t\t<\/div>\n\t\t\t\t<div class=\"elementor-column elementor-col-33 elementor-top-column elementor-element elementor-element-365df85\" data-id=\"365df85\" data-element_type=\"column\" data-e-type=\"column\">\n\t\t\t<div class=\"elementor-widget-wrap elementor-element-populated\">\n\t\t\t\t\t\t<div class=\"elementor-element elementor-element-15572db elementor-widget elementor-widget-text-editor\" data-id=\"15572db\" data-element_type=\"widget\" data-e-type=\"widget\" data-widget_type=\"text-editor.default\">\n\t\t\t\t<div class=\"elementor-widget-container\">\n\t\t\t\t\t\t\t\t\t<p><strong>FAE<\/strong> est le fournisseur du seul motoriste de la cat\u00e9gorie <a href=\"https:\/\/www.triumphmotorcycles.es\/for-the-ride\/racing\/moto2\">Moto2<\/a> dans le championnat du monde moto.<\/p>\t\t\t\t\t\t\t\t<\/div>\n\t\t\t\t<\/div>\n\t\t\t\t\t<\/div>\n\t\t<\/div>\n\t\t\t\t<div class=\"elementor-column elementor-col-33 elementor-top-column elementor-element elementor-element-bc0c703\" data-id=\"bc0c703\" data-element_type=\"column\" data-e-type=\"column\">\n\t\t\t<div class=\"elementor-widget-wrap elementor-element-populated\">\n\t\t\t\t\t\t<div class=\"elementor-element elementor-element-3f0b68d elementor-widget elementor-widget-text-editor\" data-id=\"3f0b68d\" data-element_type=\"widget\" data-e-type=\"widget\" data-widget_type=\"text-editor.default\">\n\t\t\t\t<div class=\"elementor-widget-container\">\n\t\t\t\t\t\t\t\t\t<p><strong>FAE<\/strong> d\u00e9veloppe des sondes Lambda pour <a href=\"https:\/\/www.nascar.com\/\">NASCAR<\/a> pour les moteurs hautes performances des v\u00e9hicules de comp\u00e9tition. Avec ce syst\u00e8me, le pilote peut varier le m\u00e9lange pendant la course et atteindre une puissance maximale<\/p>\t\t\t\t\t\t\t\t<\/div>\n\t\t\t\t<\/div>\n\t\t\t\t\t<\/div>\n\t\t<\/div>\n\t\t\t\t\t<\/div>\n\t\t<\/section>\n\t\t\t\t<\/div>\n\t\t","protected":false},"excerpt":{"rendered":"<p>la comp\u00e9tition est le meilleur test pour nos composants FAE revient au Rallye Dakar pour la troisi\u00e8me ann\u00e9e et cette fois en tant que sponsor principal de l&rsquo;\u00e9quipe FAE-Pedreg\u00e0-Team77 En faisant \u00e0 nouveau confiance \u00e0 son pilote, Pep Mas, avec Anselm Moya et Diego Fern\u00e1ndez comme m\u00e9caniciens et une nouvelle Husqvarna 450 rallye, la comp\u00e9tition &#8230; <a title=\"Concurrence\" class=\"read-more\" href=\"https:\/\/www.fae.es\/fr\/concurrence\" aria-label=\"En savoir plus sur Concurrence\">Lire la suite<\/a><\/p>\n","protected":false},"author":2,"featured_media":0,"parent":0,"menu_order":0,"comment_status":"closed","ping_status":"closed","template":"","meta":{"footnotes":""},"class_list":["post-3951","page","type-page","status-publish"],"yoast_head":"<!-- This site is optimized with the Yoast SEO plugin v27.2 - https:\/\/yoast.com\/product\/yoast-seo-wordpress\/ -->\n<title>Concurrence - FAE<\/title>\n<meta name=\"description\" content=\"La comp\u00e9tition est le meilleur test pour nos composants, que ce soit sur le Dakar, en Nascar ou en tant que fournisseur du seul motoriste de la cat\u00e9gorie Moto2.\" \/>\n<meta name=\"robots\" content=\"index, follow, max-snippet:-1, max-image-preview:large, max-video-preview:-1\" \/>\n<link rel=\"canonical\" href=\"https:\/\/www.fae.es\/fr\/concurrence\" \/>\n<meta property=\"og:locale\" content=\"fr_FR\" \/>\n<meta property=\"og:type\" content=\"article\" \/>\n<meta property=\"og:title\" content=\"Concurrence - FAE\" \/>\n<meta property=\"og:description\" content=\"La comp\u00e9tition est le meilleur test pour nos composants, que ce soit sur le Dakar, en Nascar ou en tant que fournisseur du seul motoriste de la cat\u00e9gorie Moto2.\" \/>\n<meta property=\"og:url\" content=\"https:\/\/www.fae.es\/fr\/concurrence\" \/>\n<meta property=\"og:site_name\" content=\"FAE\" \/>\n<meta property=\"article:modified_time\" content=\"2023-02-28T11:18:08+00:00\" \/>\n<meta property=\"og:image\" content=\"https:\/\/www.fae.es\/wp-content\/uploads\/2022\/07\/FAE_web_competicion_logo_01.png\" \/>\n<meta name=\"twitter:card\" content=\"summary_large_image\" \/>\n<meta name=\"twitter:label1\" content=\"Dur\u00e9e de lecture estim\u00e9e\" \/>\n\t<meta name=\"twitter:data1\" content=\"2 minutes\" \/>\n<script type=\"application\/ld+json\" class=\"yoast-schema-graph\">{\"@context\":\"https:\/\/schema.org\",\"@graph\":[{\"@type\":\"WebPage\",\"@id\":\"https:\/\/www.fae.es\/fr\/concurrence\",\"url\":\"https:\/\/www.fae.es\/fr\/concurrence\",\"name\":\"Concurrence - FAE\",\"isPartOf\":{\"@id\":\"https:\/\/www.fae.es\/#website\"},\"primaryImageOfPage\":{\"@id\":\"https:\/\/www.fae.es\/fr\/concurrence#primaryimage\"},\"image\":{\"@id\":\"https:\/\/www.fae.es\/fr\/concurrence#primaryimage\"},\"thumbnailUrl\":\"https:\/\/www.fae.es\/wp-content\/uploads\/2022\/07\/FAE_web_competicion_logo_01.png\",\"datePublished\":\"2022-07-21T06:46:52+00:00\",\"dateModified\":\"2023-02-28T11:18:08+00:00\",\"description\":\"La comp\u00e9tition est le meilleur test pour nos composants, que ce soit sur le Dakar, en Nascar ou en tant que fournisseur du seul motoriste de la cat\u00e9gorie Moto2.\",\"breadcrumb\":{\"@id\":\"https:\/\/www.fae.es\/fr\/concurrence#breadcrumb\"},\"inLanguage\":\"fr-FR\",\"potentialAction\":[{\"@type\":\"ReadAction\",\"target\":[\"https:\/\/www.fae.es\/fr\/concurrence\"]}]},{\"@type\":\"ImageObject\",\"inLanguage\":\"fr-FR\",\"@id\":\"https:\/\/www.fae.es\/fr\/concurrence#primaryimage\",\"url\":\"https:\/\/www.fae.es\/wp-content\/uploads\/2022\/07\/FAE_web_competicion_logo_01.png\",\"contentUrl\":\"https:\/\/www.fae.es\/wp-content\/uploads\/2022\/07\/FAE_web_competicion_logo_01.png\"},{\"@type\":\"BreadcrumbList\",\"@id\":\"https:\/\/www.fae.es\/fr\/concurrence#breadcrumb\",\"itemListElement\":[{\"@type\":\"ListItem\",\"position\":1,\"name\":\"Portada\",\"item\":\"https:\/\/www.fae.es\/fr\/home\"},{\"@type\":\"ListItem\",\"position\":2,\"name\":\"Concurrence\"}]},{\"@type\":\"WebSite\",\"@id\":\"https:\/\/www.fae.es\/#website\",\"url\":\"https:\/\/www.fae.es\/\",\"name\":\"FAE\",\"description\":\"Creamos soluciones electr\u00f3nicas de sens\u00f3rica a medida\",\"publisher\":{\"@id\":\"https:\/\/www.fae.es\/#organization\"},\"potentialAction\":[{\"@type\":\"SearchAction\",\"target\":{\"@type\":\"EntryPoint\",\"urlTemplate\":\"https:\/\/www.fae.es\/?s={search_term_string}\"},\"query-input\":{\"@type\":\"PropertyValueSpecification\",\"valueRequired\":true,\"valueName\":\"search_term_string\"}}],\"inLanguage\":\"fr-FR\"},{\"@type\":\"Organization\",\"@id\":\"https:\/\/www.fae.es\/#organization\",\"name\":\"FAE\",\"url\":\"https:\/\/www.fae.es\/\",\"logo\":{\"@type\":\"ImageObject\",\"inLanguage\":\"fr-FR\",\"@id\":\"https:\/\/www.fae.es\/#\/schema\/logo\/image\/\",\"url\":\"https:\/\/www.fae.es\/wp-content\/uploads\/2022\/02\/logo_fae.svg\",\"contentUrl\":\"https:\/\/www.fae.es\/wp-content\/uploads\/2022\/02\/logo_fae.svg\",\"width\":159,\"height\":89,\"caption\":\"FAE\"},\"image\":{\"@id\":\"https:\/\/www.fae.es\/#\/schema\/logo\/image\/\"}}]}<\/script>\n<!-- \/ Yoast SEO plugin. -->","yoast_head_json":{"title":"Concurrence - FAE","description":"La comp\u00e9tition est le meilleur test pour nos composants, que ce soit sur le Dakar, en Nascar ou en tant que fournisseur du seul motoriste de la cat\u00e9gorie Moto2.","robots":{"index":"index","follow":"follow","max-snippet":"max-snippet:-1","max-image-preview":"max-image-preview:large","max-video-preview":"max-video-preview:-1"},"canonical":"https:\/\/www.fae.es\/fr\/concurrence","og_locale":"fr_FR","og_type":"article","og_title":"Concurrence - FAE","og_description":"La comp\u00e9tition est le meilleur test pour nos composants, que ce soit sur le Dakar, en Nascar ou en tant que fournisseur du seul motoriste de la cat\u00e9gorie Moto2.","og_url":"https:\/\/www.fae.es\/fr\/concurrence","og_site_name":"FAE","article_modified_time":"2023-02-28T11:18:08+00:00","og_image":[{"url":"https:\/\/www.fae.es\/wp-content\/uploads\/2022\/07\/FAE_web_competicion_logo_01.png","type":"","width":"","height":""}],"twitter_card":"summary_large_image","twitter_misc":{"Dur\u00e9e de lecture estim\u00e9e":"2 minutes"},"schema":{"@context":"https:\/\/schema.org","@graph":[{"@type":"WebPage","@id":"https:\/\/www.fae.es\/fr\/concurrence","url":"https:\/\/www.fae.es\/fr\/concurrence","name":"Concurrence - FAE","isPartOf":{"@id":"https:\/\/www.fae.es\/#website"},"primaryImageOfPage":{"@id":"https:\/\/www.fae.es\/fr\/concurrence#primaryimage"},"image":{"@id":"https:\/\/www.fae.es\/fr\/concurrence#primaryimage"},"thumbnailUrl":"https:\/\/www.fae.es\/wp-content\/uploads\/2022\/07\/FAE_web_competicion_logo_01.png","datePublished":"2022-07-21T06:46:52+00:00","dateModified":"2023-02-28T11:18:08+00:00","description":"La comp\u00e9tition est le meilleur test pour nos composants, que ce soit sur le Dakar, en Nascar ou en tant que fournisseur du seul motoriste de la cat\u00e9gorie Moto2.","breadcrumb":{"@id":"https:\/\/www.fae.es\/fr\/concurrence#breadcrumb"},"inLanguage":"fr-FR","potentialAction":[{"@type":"ReadAction","target":["https:\/\/www.fae.es\/fr\/concurrence"]}]},{"@type":"ImageObject","inLanguage":"fr-FR","@id":"https:\/\/www.fae.es\/fr\/concurrence#primaryimage","url":"https:\/\/www.fae.es\/wp-content\/uploads\/2022\/07\/FAE_web_competicion_logo_01.png","contentUrl":"https:\/\/www.fae.es\/wp-content\/uploads\/2022\/07\/FAE_web_competicion_logo_01.png"},{"@type":"BreadcrumbList","@id":"https:\/\/www.fae.es\/fr\/concurrence#breadcrumb","itemListElement":[{"@type":"ListItem","position":1,"name":"Portada","item":"https:\/\/www.fae.es\/fr\/home"},{"@type":"ListItem","position":2,"name":"Concurrence"}]},{"@type":"WebSite","@id":"https:\/\/www.fae.es\/#website","url":"https:\/\/www.fae.es\/","name":"FAE","description":"Creamos soluciones electr\u00f3nicas de sens\u00f3rica a medida","publisher":{"@id":"https:\/\/www.fae.es\/#organization"},"potentialAction":[{"@type":"SearchAction","target":{"@type":"EntryPoint","urlTemplate":"https:\/\/www.fae.es\/?s={search_term_string}"},"query-input":{"@type":"PropertyValueSpecification","valueRequired":true,"valueName":"search_term_string"}}],"inLanguage":"fr-FR"},{"@type":"Organization","@id":"https:\/\/www.fae.es\/#organization","name":"FAE","url":"https:\/\/www.fae.es\/","logo":{"@type":"ImageObject","inLanguage":"fr-FR","@id":"https:\/\/www.fae.es\/#\/schema\/logo\/image\/","url":"https:\/\/www.fae.es\/wp-content\/uploads\/2022\/02\/logo_fae.svg","contentUrl":"https:\/\/www.fae.es\/wp-content\/uploads\/2022\/02\/logo_fae.svg","width":159,"height":89,"caption":"FAE"},"image":{"@id":"https:\/\/www.fae.es\/#\/schema\/logo\/image\/"}}]}},"_links":{"self":[{"href":"https:\/\/www.fae.es\/fr\/wp-json\/wp\/v2\/pages\/3951","targetHints":{"allow":["GET"]}}],"collection":[{"href":"https:\/\/www.fae.es\/fr\/wp-json\/wp\/v2\/pages"}],"about":[{"href":"https:\/\/www.fae.es\/fr\/wp-json\/wp\/v2\/types\/page"}],"author":[{"embeddable":true,"href":"https:\/\/www.fae.es\/fr\/wp-json\/wp\/v2\/users\/2"}],"replies":[{"embeddable":true,"href":"https:\/\/www.fae.es\/fr\/wp-json\/wp\/v2\/comments?post=3951"}],"version-history":[{"count":10,"href":"https:\/\/www.fae.es\/fr\/wp-json\/wp\/v2\/pages\/3951\/revisions"}],"predecessor-version":[{"id":5390,"href":"https:\/\/www.fae.es\/fr\/wp-json\/wp\/v2\/pages\/3951\/revisions\/5390"}],"wp:attachment":[{"href":"https:\/\/www.fae.es\/fr\/wp-json\/wp\/v2\/media?parent=3951"}],"curies":[{"name":"wp","href":"https:\/\/api.w.org\/{rel}","templated":true}]}}