{"id":3953,"date":"2022-04-12T10:53:53","date_gmt":"2022-04-12T10:53:53","guid":{"rendered":"https:\/\/www.fae.es\/conditions-generales-de-vente"},"modified":"2022-10-28T05:51:21","modified_gmt":"2022-10-28T05:51:21","slug":"conditions-generales-de-vente","status":"publish","type":"page","link":"https:\/\/www.fae.es\/fr\/conditions-generales-de-vente","title":{"rendered":"Conditions g\u00e9n\u00e9rales de vente"},"content":{"rendered":"\t\t<div data-elementor-type=\"wp-page\" data-elementor-id=\"3953\" class=\"elementor elementor-3953 elementor-1166\" data-elementor-post-type=\"page\">\n\t\t\t\t\t\t<section class=\"elementor-section elementor-top-section elementor-element elementor-element-6efab08 elementor-section-boxed elementor-section-height-default elementor-section-height-default\" data-id=\"6efab08\" data-element_type=\"section\" data-e-type=\"section\">\n\t\t\t\t\t\t<div class=\"elementor-container elementor-column-gap-default\">\n\t\t\t\t\t<div class=\"elementor-column elementor-col-100 elementor-top-column elementor-element elementor-element-27d150a\" data-id=\"27d150a\" data-element_type=\"column\" data-e-type=\"column\">\n\t\t\t<div class=\"elementor-widget-wrap elementor-element-populated\">\n\t\t\t\t\t\t<div class=\"elementor-element elementor-element-04a5ae9 elementor-widget elementor-widget-heading\" data-id=\"04a5ae9\" data-element_type=\"widget\" data-e-type=\"widget\" data-widget_type=\"heading.default\">\n\t\t\t\t<div class=\"elementor-widget-container\">\n\t\t\t\t\t<h2 class=\"elementor-heading-title elementor-size-default\">Conditions g\u00e9n\u00e9rales de vente<\/h2>\t\t\t\t<\/div>\n\t\t\t\t<\/div>\n\t\t\t\t<div class=\"elementor-element elementor-element-3ba63e3 elementor-widget elementor-widget-text-editor\" data-id=\"3ba63e3\" data-element_type=\"widget\" data-e-type=\"widget\" data-widget_type=\"text-editor.default\">\n\t\t\t\t<div class=\"elementor-widget-container\">\n\t\t\t\t\t\t\t\t\t<p><\/p><section id=\"content\"><div class=\"container singlework clearfix\"><div class=\"row\"><div class=\"nine columns openbox\"><div>1 &#8211; Les commandes re\u00e7ues ou accept\u00e9es par nos agents, repr\u00e9sentants ou distributeurs, sont soumises \u00e0 notre acceptation ou conformit\u00e9.<br> <br>2 &#8211; Nos prix peuvent augmenter lorsque les prix des mati\u00e8res premi\u00e8res, de la main d\u2019\u0153uvre, des transports ou des primes d\u2019assurance, etc. augmentent pendant la p\u00e9riode comprise entre notre offre de prix et l\u2019acceptation d\u2019une commande et sa livraison.<br> <br>3 &#8211; La composition et la fabrication des pi\u00e8ces figurant sur notre catalogue peuvent \u00eatre modifi\u00e9es sans pr\u00e9avis. L\u2019identit\u00e9 des fabricants et la num\u00e9rotation d\u2019origine ont pour seul objet de rechercher et de s\u2019adapter aux pi\u00e8ces d\u2019origine. <br> <br>4 &#8211; <strong>FAE<\/strong> garantit tous ses produits en cas de d\u00e9fauts de fabrication. Cette garantie couvre uniquement le remplacement du produit. La garantie ne sera en aucun cas appliqu\u00e9e lorsque le d\u00e9faut aura pour origine une application inappropri\u00e9e ou une mauvaise manipulation du produit.  <br> <br>5 &#8211; <strong>FAE<\/strong> offre deux ans de garantie \u00e0 compter de l\u2019installation du produit <strong>FAE<\/strong> sur le v\u00e9hicule. Les retours de mat\u00e9riel sous garantie sont sans frais jusqu\u2019\u00e0 nos locaux, \u00e0 condition que la garantie soit accept\u00e9e par le service qualit\u00e9, et qu\u2019ils soient accompagn\u00e9s d\u2019un bordereau d\u2019exp\u00e9dition et du formulaire de garanties <strong>FAE<\/strong>. La garantie ne peut \u00eatre analys\u00e9e si ces conditions ne sont pas remplies.  <br> <br>6 &#8211; Les produits <strong>FAE<\/strong> sont dot\u00e9s de la technologie pour remplacer et s\u2019adapter aux produits \u00e9quivalents d\u2019origine. Ils doivent \u00eatre mont\u00e9s par un personnel sp\u00e9cialis\u00e9, connaissant le montage des composants des v\u00e9hicules, selon les instructions de montage de la pi\u00e8ce <strong>FAE<\/strong> et\/ou de la pi\u00e8ce d\u2019origine. La garantie <strong>FAE<\/strong> couvre uniquement les applications indiqu\u00e9es dans notre catalogue. <br> <br>7 &#8211; Les retours de marchandise sont uniquement accept\u00e9s dans un d\u00e9lai de 30 jours pour l\u2019Espagne et le Portugal, et dans un d\u00e9lai de 60 jours pour le reste du monde, \u00e0 compter de la r\u00e9ception de la marchandise par le client, avec l\u2019accord \u00e9crit pr\u00e9alable de <strong>FAE<\/strong>. Le mat\u00e9riel sous garantie est exclu de ce cas de figure. <br> <br>8 &#8211; Les d\u00e9lais de livraison sont fournis \u00e0 titre indicatif. A cet effet, tout retard de livraison ne donne pas le droit \u00e0 l\u2019acheteur d\u2019annuler la commande, ni de r\u00e9clamer des d\u00e9dommagements ou des int\u00e9r\u00eats de retard. <br> <br>9 &#8211; En cas de force majeure, l\u2019ex\u00e9cution des contrats peut \u00eatre annul\u00e9e, modifi\u00e9e ou retard\u00e9e par <strong>FAE<\/strong>. Les causes de force majeure peuvent \u00eatre les suivantes : gr\u00e8ves, \u00e9pid\u00e9mies, interruptions des transports, p\u00e9nurie de mat\u00e9riel, d\u00e9t\u00e9riorations des machines et toute autre cause pouvant donner lieu \u00e0 l\u2019arr\u00eat total ou partiel de notre activit\u00e9. <br> <br>10 &#8211; Les \u00e9ventuelles anomalies de livraison peuvent \u00eatre prises en consid\u00e9rations \u00e0 condition de les consigner par \u00e9crit dans les 10 jours suivant l\u2019arriv\u00e9e des marchandises \u00e0 destination. Les \u00e9ventuels d\u00e9fauts d\u00e9tect\u00e9s, une fois la livraison renouvel\u00e9e, nous obligent uniquement \u00e0 remplacer les \u00e9l\u00e9ments que nous consid\u00e9rons d\u00e9fectueux, sans aucun droit ni remboursement des dommages pour quelque nature que ce soit. Les produits remplac\u00e9s nous appartiennent.  <br> <br>11 &#8211; Si le produit est emball\u00e9 dans un emballage en plastique thermoscell\u00e9, aucun retour de produit ne sera accept\u00e9 si ce dernier a \u00e9t\u00e9 sorti de son emballage.<br> <br>12 &#8211; Les marchandises sont transport\u00e9es aux frais et aux risques de l\u2019acheteur. Une assurance transport sera souscrite uniquement sur demande \u00e9crite de l\u2019acheteur. La prime d\u2019assurance ou le montant \u00e9tant enti\u00e8rement \u00e0 sa charge. <br> <br>13 &#8211; En cas de divergence concernant les \u00e9ventuels d\u00e9fauts de fabrication, seul le jugement de l\u2019expert engag\u00e9 par le vendeur pr\u00e9vaudra, et les frais correspondant \u00e0 ses services seront \u00e0 la charge de l\u2019acheteur en l\u2019absence de d\u00e9faut.<br> <br>14 &#8211; Les paiements seront effectu\u00e9s selon les conditions convenues entre <strong>FAE<\/strong> et le client. Une fois le d\u00e9lai \u00e9coul\u00e9, le vendeur se r\u00e9serve le droit d\u2019appliquer des int\u00e9r\u00eats de retard, c\u2019est \u00e0 dire Euribor + 8%, plus les d\u00e9penses occasionn\u00e9es. <br> <br>15 &#8211; Pour toute proc\u00e9dure judiciaire d\u00e9riv\u00e9e de la vente ou de l\u2019interpr\u00e9tation des conditions g\u00e9n\u00e9rales de vente, l\u2019acheteur et le vendeur se soumettent \u00e0 la juridiction des tribunaux de Barcelone.<br> <br>16 &#8211; La commande et son acceptation soumettent le vendeur et l\u2019acheteur \u00e0 ces conditions g\u00e9n\u00e9rales de vente.<\/div><\/div><\/div><\/div><\/section><footer id=\"footer\"><\/footer><h3><br><br><\/h3><p><\/p>\t\t\t\t\t\t\t\t<\/div>\n\t\t\t\t<\/div>\n\t\t\t\t\t<\/div>\n\t\t<\/div>\n\t\t\t\t\t<\/div>\n\t\t<\/section>\n\t\t\t\t<\/div>\n\t\t","protected":false},"excerpt":{"rendered":"<p>1 &#8211; Les commandes re\u00e7ues ou accept\u00e9es par nos agents, repr\u00e9sentants ou distributeurs, sont soumises \u00e0 notre acceptation ou conformit\u00e9. 2 &#8211; Nos prix peuvent augmenter lorsque les prix des mati\u00e8res premi\u00e8res, de la main d\u2019\u0153uvre, des transports ou des primes d\u2019assurance, etc. augmentent pendant la p\u00e9riode comprise entre notre offre de prix et l\u2019acceptation &#8230; <a title=\"Conditions g\u00e9n\u00e9rales de vente\" class=\"read-more\" href=\"https:\/\/www.fae.es\/fr\/conditions-generales-de-vente\" aria-label=\"En savoir plus sur Conditions g\u00e9n\u00e9rales de vente\">Lire la suite<\/a><\/p>\n","protected":false},"author":1,"featured_media":0,"parent":0,"menu_order":0,"comment_status":"closed","ping_status":"closed","template":"","meta":{"footnotes":""},"class_list":["post-3953","page","type-page","status-publish"],"yoast_head":"<!-- This site is optimized with the Yoast SEO plugin v27.2 - https:\/\/yoast.com\/product\/yoast-seo-wordpress\/ -->\n<title>Conditions g\u00e9n\u00e9rales de vente - FAE<\/title>\n<meta name=\"robots\" content=\"index, follow, max-snippet:-1, max-image-preview:large, max-video-preview:-1\" \/>\n<link rel=\"canonical\" href=\"https:\/\/www.fae.es\/fr\/conditions-generales-de-vente\" \/>\n<meta property=\"og:locale\" content=\"fr_FR\" \/>\n<meta property=\"og:type\" content=\"article\" \/>\n<meta property=\"og:title\" content=\"Conditions g\u00e9n\u00e9rales de vente - FAE\" \/>\n<meta property=\"og:description\" content=\"1 &#8211; Les commandes re\u00e7ues ou accept\u00e9es par nos agents, repr\u00e9sentants ou distributeurs, sont soumises \u00e0 notre acceptation ou conformit\u00e9. 2 &#8211; Nos prix peuvent augmenter lorsque les prix des mati\u00e8res premi\u00e8res, de la main d\u2019\u0153uvre, des transports ou des primes d\u2019assurance, etc. augmentent pendant la p\u00e9riode comprise entre notre offre de prix et l\u2019acceptation ... Lire la suite\" \/>\n<meta property=\"og:url\" content=\"https:\/\/www.fae.es\/fr\/conditions-generales-de-vente\" \/>\n<meta property=\"og:site_name\" content=\"FAE\" \/>\n<meta property=\"article:modified_time\" content=\"2022-10-28T05:51:21+00:00\" \/>\n<meta name=\"twitter:card\" content=\"summary_large_image\" \/>\n<meta name=\"twitter:label1\" content=\"Dur\u00e9e de lecture estim\u00e9e\" \/>\n\t<meta name=\"twitter:data1\" content=\"4 minutes\" \/>\n<script type=\"application\/ld+json\" class=\"yoast-schema-graph\">{\"@context\":\"https:\/\/schema.org\",\"@graph\":[{\"@type\":\"WebPage\",\"@id\":\"https:\/\/www.fae.es\/fr\/conditions-generales-de-vente\",\"url\":\"https:\/\/www.fae.es\/fr\/conditions-generales-de-vente\",\"name\":\"Conditions g\u00e9n\u00e9rales de vente - FAE\",\"isPartOf\":{\"@id\":\"https:\/\/www.fae.es\/#website\"},\"datePublished\":\"2022-04-12T10:53:53+00:00\",\"dateModified\":\"2022-10-28T05:51:21+00:00\",\"breadcrumb\":{\"@id\":\"https:\/\/www.fae.es\/fr\/conditions-generales-de-vente#breadcrumb\"},\"inLanguage\":\"fr-FR\",\"potentialAction\":[{\"@type\":\"ReadAction\",\"target\":[\"https:\/\/www.fae.es\/fr\/conditions-generales-de-vente\"]}]},{\"@type\":\"BreadcrumbList\",\"@id\":\"https:\/\/www.fae.es\/fr\/conditions-generales-de-vente#breadcrumb\",\"itemListElement\":[{\"@type\":\"ListItem\",\"position\":1,\"name\":\"Portada\",\"item\":\"https:\/\/www.fae.es\/fr\/home\"},{\"@type\":\"ListItem\",\"position\":2,\"name\":\"Conditions g\u00e9n\u00e9rales de vente\"}]},{\"@type\":\"WebSite\",\"@id\":\"https:\/\/www.fae.es\/#website\",\"url\":\"https:\/\/www.fae.es\/\",\"name\":\"FAE\",\"description\":\"Creamos soluciones electr\u00f3nicas de sens\u00f3rica a medida\",\"publisher\":{\"@id\":\"https:\/\/www.fae.es\/#organization\"},\"potentialAction\":[{\"@type\":\"SearchAction\",\"target\":{\"@type\":\"EntryPoint\",\"urlTemplate\":\"https:\/\/www.fae.es\/?s={search_term_string}\"},\"query-input\":{\"@type\":\"PropertyValueSpecification\",\"valueRequired\":true,\"valueName\":\"search_term_string\"}}],\"inLanguage\":\"fr-FR\"},{\"@type\":\"Organization\",\"@id\":\"https:\/\/www.fae.es\/#organization\",\"name\":\"FAE\",\"url\":\"https:\/\/www.fae.es\/\",\"logo\":{\"@type\":\"ImageObject\",\"inLanguage\":\"fr-FR\",\"@id\":\"https:\/\/www.fae.es\/#\/schema\/logo\/image\/\",\"url\":\"https:\/\/www.fae.es\/wp-content\/uploads\/2022\/02\/logo_fae.svg\",\"contentUrl\":\"https:\/\/www.fae.es\/wp-content\/uploads\/2022\/02\/logo_fae.svg\",\"width\":159,\"height\":89,\"caption\":\"FAE\"},\"image\":{\"@id\":\"https:\/\/www.fae.es\/#\/schema\/logo\/image\/\"}}]}<\/script>\n<!-- \/ Yoast SEO plugin. -->","yoast_head_json":{"title":"Conditions g\u00e9n\u00e9rales de vente - FAE","robots":{"index":"index","follow":"follow","max-snippet":"max-snippet:-1","max-image-preview":"max-image-preview:large","max-video-preview":"max-video-preview:-1"},"canonical":"https:\/\/www.fae.es\/fr\/conditions-generales-de-vente","og_locale":"fr_FR","og_type":"article","og_title":"Conditions g\u00e9n\u00e9rales de vente - FAE","og_description":"1 &#8211; Les commandes re\u00e7ues ou accept\u00e9es par nos agents, repr\u00e9sentants ou distributeurs, sont soumises \u00e0 notre acceptation ou conformit\u00e9. 2 &#8211; Nos prix peuvent augmenter lorsque les prix des mati\u00e8res premi\u00e8res, de la main d\u2019\u0153uvre, des transports ou des primes d\u2019assurance, etc. augmentent pendant la p\u00e9riode comprise entre notre offre de prix et l\u2019acceptation ... Lire la suite","og_url":"https:\/\/www.fae.es\/fr\/conditions-generales-de-vente","og_site_name":"FAE","article_modified_time":"2022-10-28T05:51:21+00:00","twitter_card":"summary_large_image","twitter_misc":{"Dur\u00e9e de lecture estim\u00e9e":"4 minutes"},"schema":{"@context":"https:\/\/schema.org","@graph":[{"@type":"WebPage","@id":"https:\/\/www.fae.es\/fr\/conditions-generales-de-vente","url":"https:\/\/www.fae.es\/fr\/conditions-generales-de-vente","name":"Conditions g\u00e9n\u00e9rales de vente - FAE","isPartOf":{"@id":"https:\/\/www.fae.es\/#website"},"datePublished":"2022-04-12T10:53:53+00:00","dateModified":"2022-10-28T05:51:21+00:00","breadcrumb":{"@id":"https:\/\/www.fae.es\/fr\/conditions-generales-de-vente#breadcrumb"},"inLanguage":"fr-FR","potentialAction":[{"@type":"ReadAction","target":["https:\/\/www.fae.es\/fr\/conditions-generales-de-vente"]}]},{"@type":"BreadcrumbList","@id":"https:\/\/www.fae.es\/fr\/conditions-generales-de-vente#breadcrumb","itemListElement":[{"@type":"ListItem","position":1,"name":"Portada","item":"https:\/\/www.fae.es\/fr\/home"},{"@type":"ListItem","position":2,"name":"Conditions g\u00e9n\u00e9rales de vente"}]},{"@type":"WebSite","@id":"https:\/\/www.fae.es\/#website","url":"https:\/\/www.fae.es\/","name":"FAE","description":"Creamos soluciones electr\u00f3nicas de sens\u00f3rica a medida","publisher":{"@id":"https:\/\/www.fae.es\/#organization"},"potentialAction":[{"@type":"SearchAction","target":{"@type":"EntryPoint","urlTemplate":"https:\/\/www.fae.es\/?s={search_term_string}"},"query-input":{"@type":"PropertyValueSpecification","valueRequired":true,"valueName":"search_term_string"}}],"inLanguage":"fr-FR"},{"@type":"Organization","@id":"https:\/\/www.fae.es\/#organization","name":"FAE","url":"https:\/\/www.fae.es\/","logo":{"@type":"ImageObject","inLanguage":"fr-FR","@id":"https:\/\/www.fae.es\/#\/schema\/logo\/image\/","url":"https:\/\/www.fae.es\/wp-content\/uploads\/2022\/02\/logo_fae.svg","contentUrl":"https:\/\/www.fae.es\/wp-content\/uploads\/2022\/02\/logo_fae.svg","width":159,"height":89,"caption":"FAE"},"image":{"@id":"https:\/\/www.fae.es\/#\/schema\/logo\/image\/"}}]}},"_links":{"self":[{"href":"https:\/\/www.fae.es\/fr\/wp-json\/wp\/v2\/pages\/3953","targetHints":{"allow":["GET"]}}],"collection":[{"href":"https:\/\/www.fae.es\/fr\/wp-json\/wp\/v2\/pages"}],"about":[{"href":"https:\/\/www.fae.es\/fr\/wp-json\/wp\/v2\/types\/page"}],"author":[{"embeddable":true,"href":"https:\/\/www.fae.es\/fr\/wp-json\/wp\/v2\/users\/1"}],"replies":[{"embeddable":true,"href":"https:\/\/www.fae.es\/fr\/wp-json\/wp\/v2\/comments?post=3953"}],"version-history":[{"count":7,"href":"https:\/\/www.fae.es\/fr\/wp-json\/wp\/v2\/pages\/3953\/revisions"}],"predecessor-version":[{"id":4491,"href":"https:\/\/www.fae.es\/fr\/wp-json\/wp\/v2\/pages\/3953\/revisions\/4491"}],"wp:attachment":[{"href":"https:\/\/www.fae.es\/fr\/wp-json\/wp\/v2\/media?parent=3953"}],"curies":[{"name":"wp","href":"https:\/\/api.w.org\/{rel}","templated":true}]}}