{"id":4328,"date":"2022-04-12T10:19:34","date_gmt":"2022-04-12T10:19:34","guid":{"rendered":"https:\/\/www.fae.es\/mentions-legales"},"modified":"2022-10-28T05:55:40","modified_gmt":"2022-10-28T05:55:40","slug":"mentions-legales","status":"publish","type":"page","link":"https:\/\/www.fae.es\/fr\/mentions-legales","title":{"rendered":"Mentions l\u00e9gales"},"content":{"rendered":"\t\t<div data-elementor-type=\"wp-page\" data-elementor-id=\"4328\" class=\"elementor elementor-4328 elementor-1155\" data-elementor-post-type=\"page\">\n\t\t\t\t\t\t<section class=\"elementor-section elementor-top-section elementor-element elementor-element-03742f6 elementor-section-boxed elementor-section-height-default elementor-section-height-default\" data-id=\"03742f6\" data-element_type=\"section\" data-e-type=\"section\">\n\t\t\t\t\t\t<div class=\"elementor-container elementor-column-gap-default\">\n\t\t\t\t\t<div class=\"elementor-column elementor-col-100 elementor-top-column elementor-element elementor-element-53d04ed\" data-id=\"53d04ed\" data-element_type=\"column\" data-e-type=\"column\">\n\t\t\t<div class=\"elementor-widget-wrap elementor-element-populated\">\n\t\t\t\t\t\t<div class=\"elementor-element elementor-element-4fd6da3 elementor-widget elementor-widget-heading\" data-id=\"4fd6da3\" data-element_type=\"widget\" data-e-type=\"widget\" data-widget_type=\"heading.default\">\n\t\t\t\t<div class=\"elementor-widget-container\">\n\t\t\t\t\t<h2 class=\"elementor-heading-title elementor-size-default\">Mentions l\u00e9gales<\/h2>\t\t\t\t<\/div>\n\t\t\t\t<\/div>\n\t\t\t\t<div class=\"elementor-element elementor-element-67e256f elementor-widget elementor-widget-text-editor\" data-id=\"67e256f\" data-element_type=\"widget\" data-e-type=\"widget\" data-widget_type=\"text-editor.default\">\n\t\t\t\t<div class=\"elementor-widget-container\">\n\t\t\t\t\t\t\t\t\t<p><\/p>\n<h6>DROIT DES SERVICES DE LA SOCI\u00c9T\u00c9 DE L\u2019INFORMATION (LSSI)<\/h6>\n<div>\n<p>FRANCISCO ALBERO, SAU, responsable du site, ci-apr\u00e8s RESPONSABLE, met disposition des utilisateurs dans ce document, avec lequel il a l\u2019intention de se conformer \u00e0 l\u2019obligation en vertu de la loi 34\/2002, du 11 juillet, sur les services \u00e0 la soci\u00e9t\u00e9 de la commerce \u00e9lectronique (LSSICE), BOE n\u00b0 166, ainsi que d\u2019informer tous les utilisateurs concernant les conditions d\u2019utilisation.<\/p>\n<p>Toute personne qui acc\u00e8de \u00e0 ce site web assume le r\u00f4le d\u2019utilisateur, s\u2019engageant \u00e0 respect et le strict respect des dispositions en l\u2019esp\u00e8ce, ainsi que de toute autre disposition l\u00e9gale qui s\u2019appliquerait. <\/p>\n<p>FRANCISCO ALBERO, SAU se r\u00e9serve le droit de modifier toute information peut appara\u00eetre sur le site Web, sans aucune obligation de remarquer ou de telles obligations, la publication sur le site Web de la FRANCISCO ALBERO, SAU.<\/p>\n<\/div>\n<h3>1. IDENTIFICATION DES DONN\u00c9ES<\/h3>\n<div>Nom de domaine: fae.es<br>Nom commercial: <strong>FAE<\/strong><br>Nom social: FRANCISCO ALBERO, SAU<br>FNI: A08859407<br>Si\u00e8ge social: C\/ Rafael Barradas, 19 &#8211; Pol. Ind. Gran Via Sud 08908 Hospitalet de Llobregat  <br>T\u00e9l\u00e9phone : +34 932 618 500<br>Courriel : fae@fae.es<br>Registre commercial de Barcelone le 10\/04\/1984, Volume 5.722, Livre 5.020, Section 2a, Folio 118, Inscription 1er.<\/div>\n<div> <\/div>\n<h3>2. DROITS DE PROPRI\u00c9T\u00c9 INTELLECTUELLE ET INDUSTRIELLE<\/h3>\n<div>\n<p>Le site Web, y compris, sans s\u2019y limiter, sa programmation, son \u00e9dition, sa compilation et d\u2019autres \u00e9l\u00e9ments n\u00e9cessaires \u00e0 leur fonctionnement, conceptions, logos, textes et\/ou graphiques, sont propri\u00e9t\u00e9 du RESPONSABLE ou, le cas \u00e9ch\u00e9ant, a une licence ou une autorisation expresse des auteurs. Tous les contenus du site sont d\u00fbment prot\u00e9g\u00e9s par la r\u00e9glementation propri\u00e9t\u00e9 intellectuelle, ainsi que enregistr\u00e9s dans les registres publics pertinents. <\/p>\n<p>Quel que soit le but auquel ils \u00e9taient destin\u00e9s, la reproduction totale ou partielle, l\u2019utilisation, L\u2019exploitation, la distribution et la commercialisation, n\u00e9cessite en tout \u00e9tat de cause une autorisation \u00e9crite pr\u00e9alable Responsable. Toute utilisation pr\u00e9c\u00e9demment non autoris\u00e9e est consid\u00e9r\u00e9e comme une violation droite de propri\u00e9t\u00e9 intellectuelle ou industrielle de l\u2019auteur.  <\/p>\n<p>Dessins, logos, textes et\/ou graphiques en dehors du RESPONSABLE et qui peuvent appara\u00eetre sur le site appartiennent \u00e0 leurs propri\u00e9taires respectifs, \u00e9tant eux-m\u00eames responsables de toute controverse qui pourrait survenir \u00e0 leur \u00e9gard. Le RESPONSABLE autorise express\u00e9ment tiers \u00e0 rediriger directement vers le contenu sp\u00e9cifique du site, et en tout cas rediriger vers le site principal de fae.es.  <\/p>\n<p>Le RESPONSABLE reconna\u00eet en faveur de ses propri\u00e9taires les droits de propri\u00e9t\u00e9 correspondants intellectuelle et industrielle, n\u2019impliquant pas sa simple mention ou apparition sur le site web de l\u2019existence de droits ou la responsabilit\u00e9 pour eux, tels que l\u2019approbation, le parrainage ou recommandation de la part de celui-ci.<\/p>\n<p>Pour faire toute observation concernant d\u2019\u00e9ventuelles violations des droits des propri\u00e9t\u00e9 intellectuelle ou industrielle, ainsi que l\u2019un ou l\u2019autre des contenus du site, peut le faire par e-mail : <a href=\"mailto:fae@fae.es\">fae@fae.es<\/a>.<\/p>\n<\/div>\n<h3>3. POLITIQUE DE CONFIDENTIALIT\u00c9<\/h3>\n<h4>3.1. INFORMATIONS DE L&rsquo;UTILISATEUR <\/h4>\n<div>FRANCISCO ALBERO, SAU, ci-apr\u00e8s RESPONSABLE, est responsable du traitement des donn\u00e9es personnelles de l&rsquo;Utilisateur et vous informe que ces donn\u00e9es seront trait\u00e9es conform\u00e9ment aux dispositions du R\u00e8glement (UE) 2016\/679 du 27 avril 2016 (RGPD) concernant le protection des personnes physiques \u00e0 l&rsquo;\u00e9gard du traitement des donn\u00e9es \u00e0 caract\u00e8re personnel et de la libre circulation de ces donn\u00e9es, pour lesquelles les informations suivantes sur le traitement sont fournies :<\/div>\n<ul>\n<li><strong>Fin de traitement<\/strong> : entretenir une relation commerciale avec l&rsquo;Utilisateur. Les op\u00e9rations pr\u00e9vues pour r\u00e9aliser le traitement sont : \n<ul>\n<li>Remise de communications publicitaires commerciales par e-mail, fax, SMS, MMS, communaut\u00e9s sociales ou tout autre moyen \u00e9lectronique ou physique, pr\u00e9sent ou futur, permettant de r\u00e9aliser des communications commerciales. Ces communications seront faites par le RESPONSABLE et li\u00e9es \u00e0 ses produits et services, ou \u00e0 ses collaborateurs ou fournisseurs avec lesquels il a conclu un accord de promotion. Dans ce cas, les tiers n&rsquo;auront jamais acc\u00e8s aux donn\u00e9es personnelles.   <\/li>\n<li>R\u00e9aliser des \u00e9tudes statistiques. <\/li>\n<li>Traiter les commandes, les demandes ou tout type de demande formul\u00e9e par l&rsquo;utilisateur via l&rsquo;un des formulaires de contact mis \u00e0 sa disposition. <\/li>\n<li>Faire suivre la newsletter sur le site.<\/li>\n<\/ul>\n<\/li>\n<li><strong>Crit\u00e8res de conservation des donn\u00e9es<\/strong> : elles seront conserv\u00e9es tant qu&rsquo;il y aura un int\u00e9r\u00eat mutuel \u00e0 maintenir la fin du traitement et lorsqu&rsquo;elles ne seront plus n\u00e9cessaires \u00e0 cette fin, elles seront supprim\u00e9es avec des mesures de s\u00e9curit\u00e9 ad\u00e9quates pour garantir la pseudonymisation des donn\u00e9es ou la destruction totale des donn\u00e9es elles-m\u00eames.<\/li>\n<li><strong>Communication des donn\u00e9es<\/strong> : Les donn\u00e9es ne seront pas communiqu\u00e9es \u00e0 des tiers, sauf obligation l\u00e9gale.<\/li>\n<li><strong>Droits qui assistent l&rsquo;Utilisateur<\/strong> :\n<ul>\n<li>Droit de retirer son consentement \u00e0 tout moment.<\/li>\n<li>Droit d&rsquo;acc\u00e8s, de rectification, de portabilit\u00e9 et de suppression de vos donn\u00e9es et de limitation ou d&rsquo;opposition \u00e0 leur traitement.<\/li>\n<li>Droit de d\u00e9poser une r\u00e9clamation aupr\u00e8s de l&rsquo;autorit\u00e9 de contr\u00f4le (agpd.es) si vous consid\u00e9rez que le traitement n&rsquo;est pas conforme \u00e0 la r\u00e9glementation en vigueur.<\/li>\n<\/ul>\n<\/li>\n<li><strong>Coordonn\u00e9es pour exercer vos droits<\/strong> :\n<ul>\n<li>Adresse postale : FRANCISCO ALBERO, SAU. C\/ Rafael Barradas &#8211; Pol. Ind. Gran Via Sud, 19 08908 L&rsquo;Hospitalet del Llobregat (BARCELONA). Email: legal@fae.es    <\/li>\n<li>Pour plus d&rsquo;informations sur les traitements, <a href=\"http:\/\/www.fae.es\/documentacion\/files\/FRANCISCO_ALBERO_SAU_REGISTRO_DE_ACTIVIDADES_COMO_RESPONSABLE_DEL_TRATAMIENTO_((1).pdf\">Cliquez Ici<\/a><\/li>\n<\/ul>\n<\/li>\n<\/ul>\n<h4>3.2. CARACTERE OBLIGATOIRE OU FACULTATIF DES INFORMATIONS FOURNIES PAR L&rsquo;UTILISATEUR <\/h4>\n<div>\n<p>The Users, by marking the corresponding boxes and entering data in the fields, marked with an asterisk (*) in the contact form or presented in download forms, expressly and freely and unequivocally accept that their data is necessary to meet your request, by the provider, the inclusion of data in the remaining fields being voluntary. The User guarantees that the personal data provided to the RESPONSIBLE is true and is responsible for communicating any changes to them. <\/p>\n<p>Le RESPONSABLE informe et garantit express\u00e9ment aux utilisateurs que leurs donn\u00e9es personnelles ne seront en aucun cas transf\u00e9r\u00e9es \u00e0 des tiers, et que chaque fois que tout type de transfert de donn\u00e9es personnelles est effectu\u00e9, le consentement expr\u00e8s, \u00e9clair\u00e9 et sans \u00e9quivoque des utilisateurs sera demand\u00e9 \u00e0 l&rsquo;avance. . Toutes les donn\u00e9es demand\u00e9es via le site Web sont obligatoires, car elles sont n\u00e9cessaires \u00e0 la fourniture d&rsquo;un service optimal \u00e0 l&rsquo;utilisateur. Dans le cas o\u00f9 toutes les donn\u00e9es ne sont pas fournies, il n&rsquo;est pas garanti que les informations et services fournis seront compl\u00e8tement adapt\u00e9s \u00e0 vos besoins.<\/p>\n<\/div>\n<h4>3.3. MESURE DE S\u00c9CURIT\u00c9<\/h4>\n<div>\n<p>Que conform\u00e9ment aux dispositions de la r\u00e9glementation en vigueur sur la protection des donn\u00e9es personnelles, le RESPONSABLE se conforme \u00e0 toutes les dispositions de la r\u00e9glementation GDPR pour le traitement des donn\u00e9es personnelles dont il est responsable, et manifestement aux principes d\u00e9crits \u00e0 l&rsquo;article 5 du le RGPD, pour lequel elles sont trait\u00e9es de mani\u00e8re licite, loyale et transparente vis-\u00e0-vis de l&rsquo;int\u00e9ress\u00e9 et ad\u00e9quates, pertinentes et limit\u00e9es \u00e0 ce qui est n\u00e9cessaire au regard des finalit\u00e9s pour lesquelles elles sont trait\u00e9es.<\/p>\n<p>Le RESPONSABLE garantit qu&rsquo;il a mis en place des politiques techniques et organisationnelles appropri\u00e9es pour appliquer les mesures de s\u00e9curit\u00e9 \u00e9tablies par le RGPD afin de prot\u00e9ger les droits et libert\u00e9s des Utilisateurs et a communiqu\u00e9 les informations appropri\u00e9es afin qu&rsquo;ils puissent les exercer.<\/p>\n<\/div>\n<h3>3. AVERTISSEMENT<\/h3>\n<div>Le responsable d\u00e9cline toute responsabilit\u00e9 d\u00e9coulant de la publication d\u2019informations sur son site Web \u00e0 condition que ces informations aient \u00e9t\u00e9 manipul\u00e9es ou introduites par un tiers \u00e0 elle.<\/div>\n<h3> <\/h3>\n<h3><strong>Utilisation de cookies<\/strong><\/h3>\n<div>\n<p>Ce site web peut utiliser des cookies techniques (petits fichiers d\u2019information que le serveur envoie \u00e0 l\u2019ordinateur de la personne acc\u00e9dant \u00e0 la page) pour effectuer certaines fonctions qui sont pour le bon fonctionnement et la visualisation du site. Cookies sont, en tout \u00e9tat de cause, de nature temporaire, dans le seul but de disparaissent \u00e0 la fin de la session de l\u2019utilisateur. En aucun cas, ces cookies fournir des donn\u00e9es personnelles par elles-m\u00eames et ne seront pas utilis\u00e9es pour la collecte de M\u00eame.  <\/p>\n<p>Gr\u00e2ce \u00e0 l\u2019utilisation de cookies, il est \u00e9galement possible que le serveur o\u00f9 se trouve le site navigateur utilis\u00e9 par l\u2019utilisateur afin de faciliter la navigation, permettant, par exemple, l\u2019acc\u00e8s des utilisateurs qui se sont d\u00e9j\u00e0 inscrits \u00e0 des zones, des services, des promotions ou concours r\u00e9serv\u00e9s exclusivement \u00e0 eux sans avoir \u00e0 s\u2019inscrire \u00e0 chaque visite. Ils peuvent \u00e9galement \u00eatre utilis\u00e9s pour mesurer l\u2019audience, les param\u00e8tres de trafic, surveiller les progr\u00e8s et nombre d\u2019entr\u00e9es, etc., \u00e9tant techniquement consommables dans ces cas, mais b\u00e9n\u00e9fique pour l\u2019utilisateur. Ce site web n\u2019installera pas de cookies consommables sans le consentement pr\u00e9c\u00e9dent de l\u2019utilisateur.  <\/p>\n<p>L\u2019utilisateur a la possibilit\u00e9 de configurer son navigateur pour \u00eatre alert\u00e9 de la r\u00e9ception des cookies et pour emp\u00eacher son installation sur votre ordinateur. Veuillez consulter les instructions de votre navigateur pour d\u2019\u00e9largir cette information. <\/p>\n<\/div>\n<h3><strong>Politique de liaison<\/strong><\/h3>\n<div>\n<p>\u00c0 partir du site Web, vous pouvez \u00eatre redirig\u00e9 vers du contenu \u00e0 partir de sites Web tiers. Depuis la RESPONSIBLE ne peut pas toujours contr\u00f4ler le contenu introduit par des tiers dans leur sites Web respectifs, n\u2019assume aucune responsabilit\u00e9 pour ce contenu. En tout proc\u00e9dera au retrait imm\u00e9diat de tout contenu qui pourrait contrevenir \u00e0 la l\u00e9gislation moralit\u00e9 ou l\u2019ordre public, proc\u00e9dant au retrait imm\u00e9diat de la rediriger vers un tel site Web, en informant les autorit\u00e9s comp\u00e9tentes du contenu en question.  <\/p>\n<p>Le RESPONSABLE n\u2019est pas responsable des informations et du contenu stock\u00e9s, aux fins de mais ne se limite pas aux forums, chats, g\u00e9n\u00e9rateurs de blog, commentaires, m\u00e9dias sociaux ou tout autre moyen qui permet \u00e0 des tiers de publier du contenu ind\u00e9pendamment sur la page SITE RESPONSABLE. Toutefois, et conform\u00e9ment aux articles 11 et 16 de la LSSICE, est mis \u00e0 la disposition de tous les utilisateurs, autorit\u00e9s et forces de s\u00e9curit\u00e9, collaborer activement \u00e0 la suppression ou, le cas \u00e9ch\u00e9ant, au blocage de tous les contenus qui peut affecter ou contrevenir au droit national ou international, aux droits de tiers ou \u00e0 la moralit\u00e9 et l\u2019ordre public. Dans le cas o\u00f9 l\u2019utilisateur consid\u00e8re qu\u2019il y a du contenu sur le site Web qui vous pouvez \u00eatre admissible \u00e0 cette classification, veuillez aviser imm\u00e9diatement l\u2019administrateur site internet.   <\/p>\n<p>Ce site Web a \u00e9t\u00e9 examin\u00e9 et test\u00e9 pour fonctionner correctement. En principe, vous pouvez assurer un bon fonctionnement 365 jours par an, 24 heures sur 24. Toutefois, le RESPONSIBLE n\u2019exclut pas la possibilit\u00e9 qu\u2019il y ait certaines erreurs de programmation, ou que causes de force majeure, de catastrophes naturelles, de gr\u00e8ves ou de circonstances similaires rendre l\u2019acc\u00e8s au site impossible.  <\/p>\n<\/div>\n<h3><strong>Adresses IP<\/strong><\/h3>\n<div>\n<p>Les serveurs du site Web seront en mesure de d\u00e9tecter automatiquement l\u2019adresse IP et le nom du site Web domaine utilis\u00e9 par l\u2019utilisateur. Une adresse IP est un num\u00e9ro automatiquement attribu\u00e9 \u00e0 un lorsqu\u2019il se connecte \u00e0 Internet. Toutes ces informations sont enregistr\u00e9es dans un l\u2019activit\u00e9 serveur qui permet le traitement ult\u00e9rieur des donn\u00e9es afin d\u2019obtenir seules les mesures statistiques qui permettent de conna\u00eetre le nombre d\u2019impressions de pages, nombre de visites effectu\u00e9es sur des serveurs Web, ordre de visites, point d\u2019acc\u00e8s, etc.  <\/p>\n<\/div>\n<h3>4. DROIT ET JURIDICTION APPLICABLES<\/h3>\n<div>Pour le r\u00e8glement de tous les diff\u00e9rends ou questions li\u00e9s \u00e0 ce site Web ou les activit\u00e9s qui y sont men\u00e9es, la l\u00e9gislation espagnole s\u2019appliquera, \u00e0 laquelle ils soumettent parties, \u00e9tant comp\u00e9tentes pour le r\u00e8glement de tous les diff\u00e9rends d\u00e9coulant ou li\u00e9s \u00e0 son utilisation des tribunaux et tribunaux les plus proches de Hospitalet de Llobregat.<\/div>\n<p><\/p>\t\t\t\t\t\t\t\t<\/div>\n\t\t\t\t<\/div>\n\t\t\t\t\t<\/div>\n\t\t<\/div>\n\t\t\t\t\t<\/div>\n\t\t<\/section>\n\t\t\t\t<\/div>\n\t\t","protected":false},"excerpt":{"rendered":"<p>DROIT DES SERVICES DE LA SOCI\u00c9T\u00c9 DE L\u2019INFORMATION (LSSI) FRANCISCO ALBERO, SAU, responsable du site, ci-apr\u00e8s RESPONSABLE, met disposition des utilisateurs dans ce document, avec lequel il a l\u2019intention de se conformer \u00e0 l\u2019obligation en vertu de la loi 34\/2002, du 11 juillet, sur les services \u00e0 la soci\u00e9t\u00e9 de la commerce \u00e9lectronique (LSSICE), BOE &#8230; <a title=\"Mentions l\u00e9gales\" class=\"read-more\" href=\"https:\/\/www.fae.es\/fr\/mentions-legales\" aria-label=\"En savoir plus sur Mentions l\u00e9gales\">Lire la suite<\/a><\/p>\n","protected":false},"author":1,"featured_media":0,"parent":0,"menu_order":0,"comment_status":"closed","ping_status":"closed","template":"","meta":{"footnotes":""},"class_list":["post-4328","page","type-page","status-publish"],"yoast_head":"<!-- This site is optimized with the Yoast SEO plugin v27.2 - https:\/\/yoast.com\/product\/yoast-seo-wordpress\/ -->\n<title>Mentions l\u00e9gales - FAE<\/title>\n<meta name=\"robots\" content=\"index, follow, max-snippet:-1, max-image-preview:large, max-video-preview:-1\" \/>\n<link rel=\"canonical\" href=\"https:\/\/www.fae.es\/fr\/mentions-legales\" \/>\n<meta property=\"og:locale\" content=\"fr_FR\" \/>\n<meta property=\"og:type\" content=\"article\" \/>\n<meta property=\"og:title\" content=\"Mentions l\u00e9gales - FAE\" \/>\n<meta property=\"og:description\" content=\"DROIT DES SERVICES DE LA SOCI\u00c9T\u00c9 DE L\u2019INFORMATION (LSSI) FRANCISCO ALBERO, SAU, responsable du site, ci-apr\u00e8s RESPONSABLE, met disposition des utilisateurs dans ce document, avec lequel il a l\u2019intention de se conformer \u00e0 l\u2019obligation en vertu de la loi 34\/2002, du 11 juillet, sur les services \u00e0 la soci\u00e9t\u00e9 de la commerce \u00e9lectronique (LSSICE), BOE ... Lire la suite\" \/>\n<meta property=\"og:url\" content=\"https:\/\/www.fae.es\/fr\/mentions-legales\" \/>\n<meta property=\"og:site_name\" content=\"FAE\" \/>\n<meta property=\"article:modified_time\" content=\"2022-10-28T05:55:40+00:00\" \/>\n<meta name=\"twitter:card\" content=\"summary_large_image\" \/>\n<meta name=\"twitter:label1\" content=\"Dur\u00e9e de lecture estim\u00e9e\" \/>\n\t<meta name=\"twitter:data1\" content=\"10 minutes\" \/>\n<script type=\"application\/ld+json\" class=\"yoast-schema-graph\">{\"@context\":\"https:\/\/schema.org\",\"@graph\":[{\"@type\":\"WebPage\",\"@id\":\"https:\/\/www.fae.es\/fr\/mentions-legales\",\"url\":\"https:\/\/www.fae.es\/fr\/mentions-legales\",\"name\":\"Mentions l\u00e9gales - FAE\",\"isPartOf\":{\"@id\":\"https:\/\/www.fae.es\/#website\"},\"datePublished\":\"2022-04-12T10:19:34+00:00\",\"dateModified\":\"2022-10-28T05:55:40+00:00\",\"breadcrumb\":{\"@id\":\"https:\/\/www.fae.es\/fr\/mentions-legales#breadcrumb\"},\"inLanguage\":\"fr-FR\",\"potentialAction\":[{\"@type\":\"ReadAction\",\"target\":[\"https:\/\/www.fae.es\/fr\/mentions-legales\"]}]},{\"@type\":\"BreadcrumbList\",\"@id\":\"https:\/\/www.fae.es\/fr\/mentions-legales#breadcrumb\",\"itemListElement\":[{\"@type\":\"ListItem\",\"position\":1,\"name\":\"Portada\",\"item\":\"https:\/\/www.fae.es\/fr\/home\"},{\"@type\":\"ListItem\",\"position\":2,\"name\":\"Mentions l\u00e9gales\"}]},{\"@type\":\"WebSite\",\"@id\":\"https:\/\/www.fae.es\/#website\",\"url\":\"https:\/\/www.fae.es\/\",\"name\":\"FAE\",\"description\":\"Creamos soluciones electr\u00f3nicas de sens\u00f3rica a medida\",\"publisher\":{\"@id\":\"https:\/\/www.fae.es\/#organization\"},\"potentialAction\":[{\"@type\":\"SearchAction\",\"target\":{\"@type\":\"EntryPoint\",\"urlTemplate\":\"https:\/\/www.fae.es\/?s={search_term_string}\"},\"query-input\":{\"@type\":\"PropertyValueSpecification\",\"valueRequired\":true,\"valueName\":\"search_term_string\"}}],\"inLanguage\":\"fr-FR\"},{\"@type\":\"Organization\",\"@id\":\"https:\/\/www.fae.es\/#organization\",\"name\":\"FAE\",\"url\":\"https:\/\/www.fae.es\/\",\"logo\":{\"@type\":\"ImageObject\",\"inLanguage\":\"fr-FR\",\"@id\":\"https:\/\/www.fae.es\/#\/schema\/logo\/image\/\",\"url\":\"https:\/\/www.fae.es\/wp-content\/uploads\/2022\/02\/logo_fae.svg\",\"contentUrl\":\"https:\/\/www.fae.es\/wp-content\/uploads\/2022\/02\/logo_fae.svg\",\"width\":159,\"height\":89,\"caption\":\"FAE\"},\"image\":{\"@id\":\"https:\/\/www.fae.es\/#\/schema\/logo\/image\/\"}}]}<\/script>\n<!-- \/ Yoast SEO plugin. -->","yoast_head_json":{"title":"Mentions l\u00e9gales - FAE","robots":{"index":"index","follow":"follow","max-snippet":"max-snippet:-1","max-image-preview":"max-image-preview:large","max-video-preview":"max-video-preview:-1"},"canonical":"https:\/\/www.fae.es\/fr\/mentions-legales","og_locale":"fr_FR","og_type":"article","og_title":"Mentions l\u00e9gales - FAE","og_description":"DROIT DES SERVICES DE LA SOCI\u00c9T\u00c9 DE L\u2019INFORMATION (LSSI) FRANCISCO ALBERO, SAU, responsable du site, ci-apr\u00e8s RESPONSABLE, met disposition des utilisateurs dans ce document, avec lequel il a l\u2019intention de se conformer \u00e0 l\u2019obligation en vertu de la loi 34\/2002, du 11 juillet, sur les services \u00e0 la soci\u00e9t\u00e9 de la commerce \u00e9lectronique (LSSICE), BOE ... Lire la suite","og_url":"https:\/\/www.fae.es\/fr\/mentions-legales","og_site_name":"FAE","article_modified_time":"2022-10-28T05:55:40+00:00","twitter_card":"summary_large_image","twitter_misc":{"Dur\u00e9e de lecture estim\u00e9e":"10 minutes"},"schema":{"@context":"https:\/\/schema.org","@graph":[{"@type":"WebPage","@id":"https:\/\/www.fae.es\/fr\/mentions-legales","url":"https:\/\/www.fae.es\/fr\/mentions-legales","name":"Mentions l\u00e9gales - FAE","isPartOf":{"@id":"https:\/\/www.fae.es\/#website"},"datePublished":"2022-04-12T10:19:34+00:00","dateModified":"2022-10-28T05:55:40+00:00","breadcrumb":{"@id":"https:\/\/www.fae.es\/fr\/mentions-legales#breadcrumb"},"inLanguage":"fr-FR","potentialAction":[{"@type":"ReadAction","target":["https:\/\/www.fae.es\/fr\/mentions-legales"]}]},{"@type":"BreadcrumbList","@id":"https:\/\/www.fae.es\/fr\/mentions-legales#breadcrumb","itemListElement":[{"@type":"ListItem","position":1,"name":"Portada","item":"https:\/\/www.fae.es\/fr\/home"},{"@type":"ListItem","position":2,"name":"Mentions l\u00e9gales"}]},{"@type":"WebSite","@id":"https:\/\/www.fae.es\/#website","url":"https:\/\/www.fae.es\/","name":"FAE","description":"Creamos soluciones electr\u00f3nicas de sens\u00f3rica a medida","publisher":{"@id":"https:\/\/www.fae.es\/#organization"},"potentialAction":[{"@type":"SearchAction","target":{"@type":"EntryPoint","urlTemplate":"https:\/\/www.fae.es\/?s={search_term_string}"},"query-input":{"@type":"PropertyValueSpecification","valueRequired":true,"valueName":"search_term_string"}}],"inLanguage":"fr-FR"},{"@type":"Organization","@id":"https:\/\/www.fae.es\/#organization","name":"FAE","url":"https:\/\/www.fae.es\/","logo":{"@type":"ImageObject","inLanguage":"fr-FR","@id":"https:\/\/www.fae.es\/#\/schema\/logo\/image\/","url":"https:\/\/www.fae.es\/wp-content\/uploads\/2022\/02\/logo_fae.svg","contentUrl":"https:\/\/www.fae.es\/wp-content\/uploads\/2022\/02\/logo_fae.svg","width":159,"height":89,"caption":"FAE"},"image":{"@id":"https:\/\/www.fae.es\/#\/schema\/logo\/image\/"}}]}},"_links":{"self":[{"href":"https:\/\/www.fae.es\/fr\/wp-json\/wp\/v2\/pages\/4328","targetHints":{"allow":["GET"]}}],"collection":[{"href":"https:\/\/www.fae.es\/fr\/wp-json\/wp\/v2\/pages"}],"about":[{"href":"https:\/\/www.fae.es\/fr\/wp-json\/wp\/v2\/types\/page"}],"author":[{"embeddable":true,"href":"https:\/\/www.fae.es\/fr\/wp-json\/wp\/v2\/users\/1"}],"replies":[{"embeddable":true,"href":"https:\/\/www.fae.es\/fr\/wp-json\/wp\/v2\/comments?post=4328"}],"version-history":[{"count":9,"href":"https:\/\/www.fae.es\/fr\/wp-json\/wp\/v2\/pages\/4328\/revisions"}],"predecessor-version":[{"id":4509,"href":"https:\/\/www.fae.es\/fr\/wp-json\/wp\/v2\/pages\/4328\/revisions\/4509"}],"wp:attachment":[{"href":"https:\/\/www.fae.es\/fr\/wp-json\/wp\/v2\/media?parent=4328"}],"curies":[{"name":"wp","href":"https:\/\/api.w.org\/{rel}","templated":true}]}}